{"id":1529,"date":"2024-11-05T22:48:02","date_gmt":"2024-11-05T21:48:02","guid":{"rendered":"https:\/\/nadplusencasa.yousuccesskenya.com\/?post_type=product&#038;p=1529"},"modified":"2025-05-19T17:48:38","modified_gmt":"2025-05-19T15:48:38","slug":"sleek-and-reusable-injection-pen-for-easy-administration","status":"publish","type":"product","link":"https:\/\/nadplusencasa.com\/pt\/produto\/sleek-and-reusable-injection-pen-for-easy-administration\/","title":{"rendered":"Caneta de inje\u00e7\u00e3o elegante e reutiliz\u00e1vel para administra\u00e7\u00e3o f\u00e1cil."},"content":{"rendered":"<h3>Precise Sleek and reusable injection pen for easy administration for NAD+ Delivery \u2013 \u20ac48.99<\/h3>\n<div class=\"flex max-w-full flex-col flex-grow\">\n<div class=\"min-h-8 text-message flex w-full flex-col items-end gap-2 whitespace-normal break-words [.text-message+&amp;]:mt-5\" dir=\"auto\" data-message-author-role=\"assistant\" data-message-id=\"e565b977-8313-41ee-94d5-05715271dec0\">\n<div class=\"flex w-full flex-col gap-1 empty:hidden first:pt-[3px]\">\n<p>Eleve sua terapia de NAD+ com o nosso <strong>Caneta injetora precisa<\/strong>, projetada especificamente para a administra\u00e7\u00e3o precisa e conveniente de <strong>Nicotinamida Adenina Dinucleot\u00eddeo (NAD+)<\/strong>. Projetado tanto para usu\u00e1rios iniciantes quanto para entusiastas experientes de terapia com NAD+, esta caneta garante <strong>dosagem consistente, confi\u00e1vel e precisa<\/strong> a cada uso.<\/p>\n<p>Seja para melhorar o seu bem-estar, combater os efeitos do envelhecimento ou apoiar sua vitalidade geral, o nosso <strong>Caneta injetora precisa<\/strong> torna a administra\u00e7\u00e3o da terapia NAD+ em casa sem esfor\u00e7o, confort\u00e1vel e econ\u00f4mica.<\/p>\n<h4><strong>Key Features:<\/strong><\/h4>\n<ul>\n<li style=\"list-style-type: none;\">\n<ul>\n<li><strong>Precision Dosing<\/strong>: Our insulin pen delivers <strong>precise doses of NAD+<\/strong> with every administration. No more guessing or measuring\u2014simply dial the dosage and inject for reliable, consistent results.<\/li>\n<li><strong>Easy to Use<\/strong>: The <strong>ergonomic design<\/strong> ensures that administering your NAD+ therapy is simple and comfortable. It\u2019s a user-friendly tool that suits both beginners and seasoned users, making it perfect for anyone looking to experience the benefits of NAD+.<\/li>\n<li><strong>Versatile &amp; Compatible<\/strong>: This pen is designed for use with <strong>NAD+ cartridges<\/strong> and is fully compatible with standard insulin pen needles, providing a versatile solution for your NAD+ treatment needs.<\/li>\n<li><strong>Compact and Portable<\/strong>: With its <strong>slim and sleek design<\/strong>, this pen is perfect for use at home or on the go. It\u2019s <strong>lightweight and easy to carry<\/strong>, ensuring that you can take your NAD+ therapy wherever life takes you.<\/li>\n<li><strong>Affordable Quality<\/strong>: Priced at just <strong>\u20ac48.99<\/strong>\u00a0our <strong>Caneta injetora precisa<\/strong> delivers exceptional quality and performance without breaking the bank. Get the precise, reliable dosing you need at a price that suits your budget.<\/li>\n<\/ul>\n<\/li>\n<\/ul>\n<\/div>\n<\/div>\n<\/div>","protected":false},"excerpt":{"rendered":"<h4><strong>Por que escolher nossa caneta injetora precisa?<\/strong><\/h4>\n<ul>\n<li><strong>Dosagem precisa<\/strong>: Aproveite a tranquilidade sabendo que est\u00e1 recebendo a dose exata necess\u00e1ria para resultados ideais na terapia com NAD+. O controle preciso da dosagem elimina o risco de subdosagem ou overdose, garantindo seguran\u00e7a e efic\u00e1cia.<\/li>\n<li><strong>Custo-benef\u00edcio<\/strong>Em <strong>\u20ac48.99<\/strong>: Em nossa caneta de insulina, voc\u00ea obt\u00e9m um excelente custo-benef\u00edcio, oferecendo um m\u00e9todo confi\u00e1vel e eficiente para a administra\u00e7\u00e3o de NAD+ a um pre\u00e7o acess\u00edvel.<\/li>\n<li><strong>Conveni\u00eancia e conforto<\/strong>: Seja administrando sua terapia em casa ou em movimento, nossa caneta oferece <strong>Conforto<\/strong> &amp; <strong>Conveni\u00eancia<\/strong> em um( <strong>design compacto e f\u00e1cil de usar<\/strong>.<\/li>\n<li><strong>Design confi\u00e1vel<\/strong>: A caneta \u00e9 projetada com <strong>qualidade e confiabilidade<\/strong> : pensada com qualidade em mente, feita para uso constante e projetada para ajud\u00e1-lo a obter os melhores resultados do seu tratamento com NAD+.<\/li>\n<\/ul>\n<h4><strong>O que est\u00e1 inclu\u00eddo:<\/strong><\/h4>\n<ul>\n<li>1 x <strong>Caneta injetora precisa<\/strong><\/li>\n<li><strong>Compatible with NAD+ Cartridges<\/strong> (vendido separadamente)<\/li>\n<li>Instru\u00e7\u00f5es simples para f\u00e1cil configura\u00e7\u00e3o e uso<\/li>\n<\/ul>","protected":false},"featured_media":1447,"comment_status":"open","ping_status":"closed","template":"","meta":[],"product_brand":[],"product_cat":[22],"product_tag":[],"class_list":{"0":"post-1529","1":"product","2":"type-product","3":"status-publish","4":"has-post-thumbnail","6":"product_cat-optimising-health-and-maximising-life","7":"product_shipping_class-reusable-pen","9":"first","10":"instock","11":"featured","12":"purchasable","13":"product-type-simple"},"jetpack_sharing_enabled":true,"_links":{"self":[{"href":"https:\/\/nadplusencasa.com\/pt\/wp-json\/wp\/v2\/product\/1529","targetHints":{"allow":["GET"]}}],"collection":[{"href":"https:\/\/nadplusencasa.com\/pt\/wp-json\/wp\/v2\/product"}],"about":[{"href":"https:\/\/nadplusencasa.com\/pt\/wp-json\/wp\/v2\/types\/product"}],"replies":[{"embeddable":true,"href":"https:\/\/nadplusencasa.com\/pt\/wp-json\/wp\/v2\/comments?post=1529"}],"version-history":[{"count":0,"href":"https:\/\/nadplusencasa.com\/pt\/wp-json\/wp\/v2\/product\/1529\/revisions"}],"wp:featuredmedia":[{"embeddable":true,"href":"https:\/\/nadplusencasa.com\/pt\/wp-json\/wp\/v2\/media\/1447"}],"wp:attachment":[{"href":"https:\/\/nadplusencasa.com\/pt\/wp-json\/wp\/v2\/media?parent=1529"}],"wp:term":[{"taxonomy":"product_brand","embeddable":true,"href":"https:\/\/nadplusencasa.com\/pt\/wp-json\/wp\/v2\/product_brand?post=1529"},{"taxonomy":"product_cat","embeddable":true,"href":"https:\/\/nadplusencasa.com\/pt\/wp-json\/wp\/v2\/product_cat?post=1529"},{"taxonomy":"product_tag","embeddable":true,"href":"https:\/\/nadplusencasa.com\/pt\/wp-json\/wp\/v2\/product_tag?post=1529"}],"curies":[{"name":"wp","href":"https:\/\/api.w.org\/{rel}","templated":true}]}}