{"id":1313,"date":"2024-06-30T13:45:52","date_gmt":"2024-06-30T11:45:52","guid":{"rendered":"https:\/\/nadplusencasa.yousuccesskenya.com\/?post_type=product&#038;p=1313"},"modified":"2025-09-27T19:04:43","modified_gmt":"2025-09-27T17:04:43","slug":"buy-nad-1000mg-home-injection-refill-kit","status":"publish","type":"product","link":"https:\/\/nadplusencasa.com\/pt\/produto\/buy-nad-1000mg-home-injection-refill-kit\/","title":{"rendered":"Kit de recarga para inje\u00e7\u00e3o em casa Nad Plus En Casa de 1000 mg"},"content":{"rendered":"<p class=\"p1\"><b>Revolutionize sua terapia de NAD+ com nosso sistema de caneta de inje\u00e7\u00e3o<\/b><\/p>\n<p class=\"p1\">Descubra o futuro de <a href=\"https:\/\/nadplusencasa.com\/pt\/\" target=\"_blank\" rel=\"noopener\">Terapia com NAD+<\/a> with our innovative NAD+ 1000mg\u00a0 Home Injection Kits. As pioneers in Europe, we\u2019re proud to offer the only injection pen system for administering NAD+, setting a new standard for convenience and efficacy. Our revolutionary injection pen system redefines convenience and ease of use, offering unparalleled benefits that enhance your therapy experience:<\/p>\n<p class=\"p1\"><b>Principais benef\u00edcios:<\/b><\/p>\n<p class=\"p1\"><b>Design amig\u00e1vel ao usu\u00e1rio:<\/b>\u00a0O design elegante e ergon\u00f4mico da nossa caneta de inje\u00e7\u00e3o garante um processo de administra\u00e7\u00e3o confort\u00e1vel e sem esfor\u00e7o, adequado tanto para iniciantes quanto para usu\u00e1rios experientes.<\/p>\n<p class=\"p1\"><b>Controle preciso da dosagem:<\/b>\u00a0Com a nossa caneta de inje\u00e7\u00e3o, voc\u00ea pode alcan\u00e7ar um controle preciso da dosagem, garantindo a entrega precisa da solu\u00e7\u00e3o de NAD+ em cada uso.<\/p>\n<p class=\"p1\"><b>Experi\u00eancia sem dor:<\/b>\u00a0Diga adeus \u00e0 tarefa assustadora e ao desconforto associado \u00e0s agulhas e seringas tradicionais. Nossa caneta de inje\u00e7\u00e3o possui uma agulha ultrafina que minimiza a dor e o desconforto durante a administra\u00e7\u00e3o, tornando o processo muito mais f\u00e1cil e gerenci\u00e1vel.<\/p>\n<p class=\"p1\"><b>Portabilidade e conveni\u00eancia:<\/b>\u00a0Compatto e portatile, il nostro penna d'iniezione \u00e8 perfetto per l'uso in movimento. Che tu stia viaggiando o preferisca somministrare la terapia a casa, la nostra penna d'iniezione offre un comodit\u00e0 senza pari.<\/p>\n<p class=\"p1\"><b>Amigo do ambiente:<\/b>\u00a0Nossa caneta de inje\u00e7\u00e3o \u00e9 projetada com sustentabilidade em mente. Seu design reutiliz\u00e1vel reduz o desperd\u00edcio e promove a responsabilidade ambiental.<\/p>\n<p class=\"p1\"><b>Compromisso com qualidade e sustentabilidade:<\/b><\/p>\n<p class=\"p1\">Na Nad Plus En Casa, integridade e qualidade s\u00e3o primordiais. Estamos em uma miss\u00e3o para oferecer produtos premium de Nad+ a pre\u00e7os acess\u00edveis para todos. Nosso compromisso com a sustentabilidade se estende aos nossos produtos e embalagens ecol\u00f3gicas, minimizando o desperd\u00edcio e promovendo o cuidado ambiental.<\/p>\n<p class=\"p1\"><b>erfeito para viagens:<\/b><\/p>\n<p class=\"p1\">Take your NAD+ 1000mg essentials with you wherever you go with our travel-friendly reusable medical-grade thermal transport container<\/p>\n<p class=\"p1\">and pen.<\/p>\n<p class=\"p1\" style=\"text-align: center;\"><b>Pre\u00e7os claros, compras transparentes:<\/b><\/p>\n<p class=\"p2\" style=\"text-align: center;\">Descubra pre\u00e7os transparentes sem taxas ocultas e custos de envio expresso por item. <a href=\"https:\/\/en.wikipedia.org\/wiki\/Europe\" target=\"_blank\" rel=\"noopener\"><span class=\"s1\">Europa<\/span><\/a>.<\/p>\n<p class=\"p1\" style=\"text-align: center;\">Experimente entrega r\u00e1pida dentro da Europa, chegando rapidamente \u00e0 sua porta, dependendo da sua localiza\u00e7\u00e3o.<\/p>\n<p class=\"p1\" style=\"text-align: center;\">Todos os itens s\u00e3o enviados por envio expresso e chegam em apenas 2 a 3 dias dentro da Europa via DHL<\/p>\n<p class=\"p1\" style=\"text-align: center;\">Usamos cont\u00eaineres t\u00e9rmicos m\u00e9dicos especializados para garantir que seus produtos sejam entregues com seguran\u00e7a e na temperatura ideal.<\/p>\n<p class=\"p1\" style=\"text-align: center;\">Estamos comprometidos em fornecer a voc\u00ea um servi\u00e7o excepcional e qualidade em que voc\u00ea pode confiar.<\/p>\n<p class=\"p1\" style=\"text-align: center;\">Todas as encomendas s\u00e3o despachadas do nosso armaz\u00e9m europeu, garantindo que n\u00e3o haja encargos adicionais de importa\u00e7\u00e3o para voc\u00ea.<br \/>\nJunte-se a n\u00f3s na cria\u00e7\u00e3o de um futuro mais saud\u00e1vel e feliz.<br \/>\nVamos simplificar juntos manter a sa\u00fade.<\/p>\n<p class=\"p1\"><strong>AVISO IMPORTANTE:<\/strong> Estas declara\u00e7\u00f5es n\u00e3o foram avaliadas pela Food Standards Agency ou <span class=\"BxUVEf ILfuVd\" lang=\"en\"><span class=\"hgKElc\"><span tabindex=\"0\" role=\"tooltip\"><span class=\"c5aZPb\" tabindex=\"0\" role=\"button\" data-enable-toggle-animation=\"true\" data-extra-container-classes=\"ZLo7Eb\" data-hover-hide-delay=\"1000\" data-hover-open-delay=\"500\" data-send-open-event=\"true\" data-theme=\"0\" data-width=\"250\" data-ved=\"2ahUKEwi0oY70-raHAxXQSfEDHZBoCsQQmpgGegQIIRAD\"><span class=\"JPfdse\" data-bubble-link=\"\" data-segment-text=\"The European Food Safety Authority\">A Autoridade Europeia para a Seguran\u00e7a Alimentar<\/span><\/span><\/span><\/span><\/span>Os produtos e servi\u00e7os do Kit de Inje\u00e7\u00e3o em Casa Nad Plus destinam-se apenas \u00e0 manuten\u00e7\u00e3o e promo\u00e7\u00e3o de um estilo de vida saud\u00e1vel e n\u00e3o devem ser usados para diagn\u00f3stico, cura, gest\u00e3o, preven\u00e7\u00e3o ou tratamento de qualquer doen\u00e7a ou condi\u00e7\u00e3o. Consulte sempre um profissional de sa\u00fade antes de usar qualquer suplemento alimentar, especialmente se estiver gr\u00e1vida, amamentando ou tomando medicamentos. N\u00e3o exceda a dose di\u00e1ria recomendada. Mantenha fora do alcance das crian\u00e7as. Suplementos n\u00e3o devem substituir uma dieta variada e um estilo de vida saud\u00e1vel.<\/p>\n<p style=\"text-align: center;\">","protected":false},"excerpt":{"rendered":"<h4 style=\"text-align: center;\"><strong>: Inclu\u00eddo no nosso kit de recarga, um suprimento de um m\u00eas de NAD+ 1000 mg.<\/strong><\/h4>\n<p style=\"text-align: center;\">Our NAD+ 1000mg Home Kits and refills include a two-month supply of pure, active NAD+ and the necessary equipment for subcutaneous injection, enabling you to self-administer the treatment conveniently at home.<\/p>\n<p style=\"text-align: center;\">We recommend 1000mg per month via home NAD+ 1000mg subcutaneous injections to boost your wellness and enhance your overall vitality.<\/p>\n<p style=\"text-align: center;\"><strong>Cada kit de recarga cont\u00e9m:<\/strong><\/p>\n<ul style=\"text-align: center;\">\n<li>Cartuchos contendo 1000 mg de Nicotinamida Adenina Dinucleot\u00eddeo (NAD+), fornecendo um fornecimento para um m\u00eas.<\/li>\n<li>16 len\u00e7os antibacterianos.<\/li>\n<li>16 agulhas para caneta<\/li>\n<li class=\"li1\">Recipiente t\u00e9rmico reutiliz\u00e1vel de grau m\u00e9dico, fornecido para conveni\u00eancia em viagem.<\/li>\n<li>Guia de instru\u00e7\u00f5es completo<\/li>\n<\/ul>\n<p style=\"text-align: center;\">Despite the rising demand for NAD+ 1000 mg as its benefits become more recognised, we remain steadfast in offering fair pricing without excessive charges.<\/p>\n<p class=\"p1\" style=\"text-align: center;\"><b>Compras transparentes:<\/b><\/p>\n<p class=\"p1\" style=\"text-align: center;\">Descubra pre\u00e7os transparentes sem taxas ocultas e envio expresso em toda a Europa.<\/p>\n<p class=\"p1\" style=\"text-align: center;\">Experimente entrega r\u00e1pida dentro da Europa, chegando rapidamente \u00e0 sua porta, dependendo da sua localiza\u00e7\u00e3o.<\/p>\n<p class=\"p1\" style=\"text-align: center;\">Todas as encomendas s\u00e3o despachadas do nosso armaz\u00e9m europeu, garantindo que n\u00e3o haja encargos adicionais de importa\u00e7\u00e3o para voc\u00ea.<\/p>\n<p class=\"p1\" style=\"text-align: center;\">Junte-se a n\u00f3s na cria\u00e7\u00e3o de um futuro mais saud\u00e1vel e feliz.<\/p>\n<p class=\"p1\" style=\"text-align: center;\">Vamos simplificar juntos manter a sa\u00fade.<\/p>\n<p style=\"text-align: center;\">","protected":false},"featured_media":1637,"comment_status":"open","ping_status":"closed","template":"","meta":[],"product_brand":[],"product_cat":[22],"product_tag":[],"class_list":{"0":"post-1313","1":"product","2":"type-product","3":"status-publish","4":"has-post-thumbnail","6":"product_cat-optimising-health-and-maximising-life","7":"product_shipping_class-express-shipping","9":"first","10":"instock","11":"featured","12":"purchasable","13":"product-type-simple"},"jetpack_sharing_enabled":true,"_links":{"self":[{"href":"https:\/\/nadplusencasa.com\/pt\/wp-json\/wp\/v2\/product\/1313","targetHints":{"allow":["GET"]}}],"collection":[{"href":"https:\/\/nadplusencasa.com\/pt\/wp-json\/wp\/v2\/product"}],"about":[{"href":"https:\/\/nadplusencasa.com\/pt\/wp-json\/wp\/v2\/types\/product"}],"replies":[{"embeddable":true,"href":"https:\/\/nadplusencasa.com\/pt\/wp-json\/wp\/v2\/comments?post=1313"}],"version-history":[{"count":1,"href":"https:\/\/nadplusencasa.com\/pt\/wp-json\/wp\/v2\/product\/1313\/revisions"}],"predecessor-version":[{"id":3156,"href":"https:\/\/nadplusencasa.com\/pt\/wp-json\/wp\/v2\/product\/1313\/revisions\/3156"}],"wp:featuredmedia":[{"embeddable":true,"href":"https:\/\/nadplusencasa.com\/pt\/wp-json\/wp\/v2\/media\/1637"}],"wp:attachment":[{"href":"https:\/\/nadplusencasa.com\/pt\/wp-json\/wp\/v2\/media?parent=1313"}],"wp:term":[{"taxonomy":"product_brand","embeddable":true,"href":"https:\/\/nadplusencasa.com\/pt\/wp-json\/wp\/v2\/product_brand?post=1313"},{"taxonomy":"product_cat","embeddable":true,"href":"https:\/\/nadplusencasa.com\/pt\/wp-json\/wp\/v2\/product_cat?post=1313"},{"taxonomy":"product_tag","embeddable":true,"href":"https:\/\/nadplusencasa.com\/pt\/wp-json\/wp\/v2\/product_tag?post=1313"}],"curies":[{"name":"wp","href":"https:\/\/api.w.org\/{rel}","templated":true}]}}