{"id":366,"date":"2024-02-03T11:02:04","date_gmt":"2024-02-03T11:02:04","guid":{"rendered":"https:\/\/nadplusencasa.yousuccesskenya.com\/?page_id=366"},"modified":"2025-04-13T05:11:46","modified_gmt":"2025-04-13T03:11:46","slug":"shipping-delivery","status":"publish","type":"page","link":"https:\/\/nadplusencasa.com\/pt\/shipping-delivery\/","title":{"rendered":"Envio e Entrega"},"content":{"rendered":"<section class=\"boxed-content\">\n<div class=\"inner-container\">\n<h2 class=\"heading\">Envio e Entrega<\/h2>\n<h3 class=\"sub-heading\">Pol\u00edtica de Entrega<\/h3>\n<p>Esta pol\u00edtica descreve nossos m\u00e9todos de entrega, prazos e encargos para pedidos feitos em nosso site.<\/p>\n<ul>\n<li>Deliveries Europe-wide typically take 2\u20133 days.<\/li>\n<li>Procuramos efetuar a entrega atempadamente, mas n\u00e3o podemos garantir; os produtos s\u00e3o normalmente despachados dentro de 7 dias<\/li>\n<li>Delivery times are not guaranteed. To ensure timely delivery and avoid weekend delays, orders will only be posted on Mondays, Tuesdays, and Wednesdays.<\/li>\n<li>\u00c8 consigliabile effettuare gli ordini tenendo presente questo.<\/li>\n<li>\u00c9 aconselh\u00e1vel fazer seus pedidos durante a primeira parte da semana.<\/li>\n<li>You can track your order using the provided order number on our delivery service provider\u2019s website once we have received it into our customer account.<\/li>\n<li>As entregas requerem uma assinatura e devem ser recebidas pessoalmente no endere\u00e7o de entrega com prova de identifica\u00e7\u00e3o. Nosso provedor de servi\u00e7os de entrega far\u00e1 pelo menos mais uma tentativa de entrega se a tentativa inicial n\u00e3o for bem-sucedida.<\/li>\n<li>Os produtos n\u00e3o entregues podem ser retirados do provedor de servi\u00e7os de entrega usando as instru\u00e7\u00f5es deixadas em seu endere\u00e7o.<\/li>\n<li>Entre em contato conosco atrav\u00e9s do nosso site para quaisquer problemas de entrega.<\/li>\n<li>Custos adicionais de nova entrega podem ser aplicados se a falha na entrega for devido a sua culpa (por exemplo, endere\u00e7o incorreto, localiza\u00e7\u00e3o inacess\u00edvel ou destinat\u00e1rio indispon\u00edvel).<\/li>\n<li>Ao aceitar e assinar a entrega, voc\u00ea concorda em aceitar o item em seu estado entregue, e n\u00e3o podemos assumir responsabilidade por problemas subsequentes relacionados \u00e0 perda ou dano.<\/li>\n<\/ul><\/div>\n<\/section>\n<style>\n  .boxed-content {\n    padding-top: 0;\n    padding-bottom: 60px;\n    font-family: 'DM Sans', sans-serif;\n  }\n  .inner-container {\n    max-width: 1200px;\n    margin: 0 auto;\n    text-align: left;\n    box-sizing: border-box;\n  }\n  .heading,\n  .sub-heading,\n  p,\n  ul,\n  li {\n    margin: 0 0 1em 0;\n  }\n<\/style>","protected":false},"excerpt":{"rendered":"<p>Shipping &amp; Delivery Delivery Policy This policy outlines our delivery methods, timeframes, and charges for orders placed on our website. Deliveries Europe-wide typically take 2\u20133 days. We aim for timely&#8230;<\/p>","protected":false},"author":1,"featured_media":0,"parent":0,"menu_order":0,"comment_status":"closed","ping_status":"closed","template":"elementor_header_footer","meta":{"footnotes":""},"class_list":["post-366","page","type-page","status-publish"],"jetpack_sharing_enabled":true,"_links":{"self":[{"href":"https:\/\/nadplusencasa.com\/pt\/wp-json\/wp\/v2\/pages\/366","targetHints":{"allow":["GET"]}}],"collection":[{"href":"https:\/\/nadplusencasa.com\/pt\/wp-json\/wp\/v2\/pages"}],"about":[{"href":"https:\/\/nadplusencasa.com\/pt\/wp-json\/wp\/v2\/types\/page"}],"author":[{"embeddable":true,"href":"https:\/\/nadplusencasa.com\/pt\/wp-json\/wp\/v2\/users\/1"}],"replies":[{"embeddable":true,"href":"https:\/\/nadplusencasa.com\/pt\/wp-json\/wp\/v2\/comments?post=366"}],"version-history":[{"count":0,"href":"https:\/\/nadplusencasa.com\/pt\/wp-json\/wp\/v2\/pages\/366\/revisions"}],"wp:attachment":[{"href":"https:\/\/nadplusencasa.com\/pt\/wp-json\/wp\/v2\/media?parent=366"}],"curies":[{"name":"wp","href":"https:\/\/api.w.org\/{rel}","templated":true}]}}