{"id":775,"date":"2024-03-15T14:04:41","date_gmt":"2024-03-15T14:04:41","guid":{"rendered":"https:\/\/nadplusencasa.yousuccesskenya.com\/?post_type=product&#038;p=775"},"modified":"2025-07-05T04:43:25","modified_gmt":"2025-07-05T02:43:25","slug":"nad-plus-injection-2000mg-refill-kit","status":"publish","type":"product","link":"https:\/\/nadplusencasa.com\/it\/prodotto\/nad-plus-injection-2000mg-refill-kit\/","title":{"rendered":"2000mg Nad Plus En Casa Home Injection Refill Kit"},"content":{"rendered":"<p><strong>NAD+ 2000mg<\/strong><\/p>\n<p><strong>Rivoluzionate la vostra terapia NAD+ con il nostro sistema a penna per iniezioni<\/strong><\/p>\n<p>Discover the future of NAD+ therapy with our innovative<a href=\"https:\/\/nadplusencasa.com\/it\/nad-injection-at-home\/\" target=\"_blank\" rel=\"noopener\"> NAD+ Home Injection Kits<\/a>. As pioneers in Europe, we\u2019re proud to offer the only injection pen system for administering NAD+, setting a new standard for convenience and efficacy. Our revolutionary injection pen system redefines convenience and ease of use, offering unparalleled benefits that enhance your therapy experience:<\/p>\n<p><strong>Principali benefici:<\/strong><\/p>\n<p><strong>Design user-friendly:<\/strong>\u00a0Il design elegante ed ergonomico della nostra penna d'iniezione garantisce un processo di somministrazione confortevole e senza sforzo, adatto sia ai principianti che agli utenti esperti.<\/p>\n<p><strong>Controllo preciso del dosaggio:<\/strong>\u00a0Con la nostra penna d'iniezione, puoi ottenere un controllo preciso del dosaggio, garantendo una consegna accurata della soluzione di NAD+ ad ogni utilizzo.<\/p>\n<p><strong>Esperienza senza dolore:<\/strong>\u00a0Dite addio al compito intimidatorio e all'incomodo associato alle tradizionali siringhe e aghi. La nostra penna d'iniezione \u00e8 dotata di un ago ultra sottile che riduce al minimo il dolore e l'incomodo durante l'amministrazione, rendendo il processo molto pi\u00f9 facile e gestibile.<\/p>\n<p><strong>Portabilit\u00e0 e convenienza:<\/strong>\u00a0Compatto e portatile, il nostro penna d'iniezione \u00e8 perfetto per l'uso in movimento. Che tu stia viaggiando o preferisca somministrare la terapia a casa, la nostra penna d'iniezione offre un comodit\u00e0 senza pari.<\/p>\n<p><strong>Rispettoso dell'ambiente:<\/strong>\u00a0La nostra penna d'iniezione \u00e8 progettata con la sostenibilit\u00e0 in mente. Il suo design riutilizzabile riduce gli sprechi e promuove la responsabilit\u00e0 ambientale.<\/p>\n<p><strong>Impegno per la qualit\u00e0 e la sostenibilit\u00e0:<\/strong><\/p>\n<p>Presso Nad Plus En Casa, l'integrit\u00e0 e la qualit\u00e0 sono fondamentali. Siamo impegnati a offrire prodotti premium di Nad+ a prezzi accessibili per tutti. Il nostro impegno per la sostenibilit\u00e0 si estende ai nostri prodotti e confezioni eco-compatibili, riducendo al minimo gli sprechi e promuovendo la tutela ambientale.<\/p>\n<p class=\"p1\"><b>Perfetto per i viaggi:<\/b><\/p>\n<p class=\"p1\">Take your NAD+ essentials with you wherever you go with our travel-friendly reusable medical-grade thermal transport container<\/p>\n<p class=\"p1\">and pen.<\/p>\n<h3 style=\"text-align: center;\">Prezzi chiari, shopping trasparente:<\/h3>\n<p style=\"text-align: center;\">Scopri prezzi trasparenti senza costi nascosti e spese di spedizione espresse per articolo. <a href=\"https:\/\/en.wikipedia.org\/wiki\/Europe\" target=\"_blank\" rel=\"noopener\">Europa<\/a>.<\/p>\n<p class=\"p1\" style=\"text-align: center;\">Sperimenta una consegna rapida in Europa, arrivando rapidamente a casa tua, a seconda della tua posizione.<\/p>\n<p class=\"p1\" style=\"text-align: center;\">Tutti gli articoli vengono spediti con spedizione rapida e arrivano in soli 2-3 giorni in Europa tramite DHL<\/p>\n<p class=\"p1\" style=\"text-align: center;\">Utilizziamo contenitori termici medici specializzati per garantire che i tuoi prodotti vengano consegnati in sicurezza e alla temperatura ideale.<\/p>\n<p class=\"p1\" style=\"text-align: center;\">Siamo impegnati a fornirti un servizio eccezionale e una qualit\u00e0 su cui puoi contare.<\/p>\n<p class=\"p1\" style=\"text-align: center;\">Tutti gli ordini vengono spediti dal nostro magazzino europeo, garantendo che non ci siano costi aggiuntivi di importazione per te.<br \/>\nUnisciti a noi nella creazione di un futuro pi\u00f9 sano e felice.<br \/>\nSemplifichiamo insieme il mantenimento della salute.<\/p>\n<p>&nbsp;<\/p>\n<p>&nbsp;<\/p>\n<p style=\"text-align: center;\"><strong>AVVISO IMPORTANTE:<\/strong> Queste dichiarazioni non sono state valutate dalla Food Standards Agency o <span class=\"BxUVEf ILfuVd\" lang=\"en\"><span class=\"hgKElc\"><span tabindex=\"0\" role=\"tooltip\"><span class=\"c5aZPb\" tabindex=\"0\" role=\"button\" data-enable-toggle-animation=\"true\" data-extra-container-classes=\"ZLo7Eb\" data-hover-hide-delay=\"1000\" data-hover-open-delay=\"500\" data-send-open-event=\"true\" data-theme=\"0\" data-width=\"250\" data-ved=\"2ahUKEwi0oY70-raHAxXQSfEDHZBoCsQQmpgGegQIIRAD\"><span class=\"JPfdse\" data-bubble-link=\"\" data-segment-text=\"The European Food Safety Authority\">L'Autorit\u00e0 Europea per la Sicurezza Alimentare<\/span><\/span><\/span><\/span><\/span>I prodotti e servizi del Kit di Iniezione a Casa Nad Plus sono destinati esclusivamente al mantenimento e alla promozione di uno stile di vita sano e non devono essere utilizzati per la diagnosi, cura, gestione, prevenzione o trattamento di malattie o condizioni. Consultare sempre un professionista sanitario prima di utilizzare qualsiasi integratore alimentare, in particolare se si \u00e8 in gravidanza, in allattamento o si stanno assumendo farmaci. Non superare la dose giornaliera raccomandata. Tenere fuori dalla portata dei bambini. Gli integratori non devono sostituire una dieta varia e uno stile di vita sano.<\/p>\n<p style=\"text-align: center;\">","protected":false},"excerpt":{"rendered":"<p><strong>Nel nostro kit di ricarica \u00e8 inclusa una SCORTA DI 2 MESI DI NAD+ 2000mg.<\/strong><\/p>\n<p>These NAD+ 2000mg Home Kits and refills \u00a0include a two-month supply of pure, active NAD+ and the necessary equipment for subcutaneous injection, enabling you to self-administer the treatment conveniently at home.<\/p>\n<p>Consigliamo 1000 mg al mese tramite iniezioni sottocutanee di Nad+ a casa per potenziare il vostro benessere e migliorare la vostra vitalit\u00e0 complessiva.<\/p>\n<p>&nbsp;<\/p>\n<ul>\n<li>Cartucce contenenti 1000 mg di Nicotinamide Adenina Dinucleotide (NAD+), che forniscono una fornitura per un mese.<\/li>\n<li>32 salviette antibatteriche.<\/li>\n<li>32 Aghi per penna<\/li>\n<li>Guida alle istruzioni completa<\/li>\n<\/ul>\n<p style=\"text-align: left;\">Despite the rising demand for Nad+ 2000mg as its benefits become more recognised, we remain steadfast in offering fair pricing without excessive charges<\/p>\n<div class=\"flex-col gap-1 md:gap-3\">\n<div class=\"flex flex-grow flex-col max-w-full\">\n<div class=\"min-h-[20px] text-message flex flex-col items-start whitespace-pre-wrap break-words [.text-message+&amp;]:mt-5 juice:w-full juice:items-end overflow-x-auto gap-2\" dir=\"auto\" data-message-author-role=\"assistant\" data-message-id=\"83139bbb-f06c-427d-af0b-fefb492618c1\">\n<div class=\"flex w-full flex-col gap-1 juice:empty:hidden juice:first:pt-[3px]\">\n<div class=\"markdown prose w-full break-words dark:prose-invert light\">\n<p>&nbsp;<\/p>\n<hr \/>\n<h3 style=\"text-align: center;\">Prezzi chiari, shopping trasparente:<\/h3>\n<p style=\"text-align: center;\">Discover transparent pricing with no hidden fees and flat rate shipping costs across Europe.<\/p>\n<p style=\"text-align: center;\">Sperimenta una consegna rapida in Europa, arrivando rapidamente a casa tua, a seconda della tua posizione.<\/p>\n<p style=\"text-align: center;\">Tutti gli ordini vengono spediti dal nostro magazzino europeo, garantendo che non ci siano costi aggiuntivi di importazione per te.<\/p>\n<p style=\"text-align: center;\">Unisciti a noi nella creazione di un futuro pi\u00f9 sano e felice.<\/p>\n<p style=\"text-align: center;\">Semplifichiamo insieme il mantenimento della salute.<\/p>\n<\/div>\n<\/div>\n<\/div>\n<\/div>\n<\/div>","protected":false},"featured_media":1637,"comment_status":"open","ping_status":"closed","template":"","meta":[],"product_brand":[],"product_cat":[22],"product_tag":[],"class_list":{"0":"post-775","1":"product","2":"type-product","3":"status-publish","4":"has-post-thumbnail","6":"product_cat-optimising-health-and-maximising-life","7":"product_shipping_class-express-shipping","9":"first","10":"instock","11":"featured","12":"purchasable","13":"product-type-simple"},"jetpack_sharing_enabled":true,"_links":{"self":[{"href":"https:\/\/nadplusencasa.com\/it\/wp-json\/wp\/v2\/product\/775","targetHints":{"allow":["GET"]}}],"collection":[{"href":"https:\/\/nadplusencasa.com\/it\/wp-json\/wp\/v2\/product"}],"about":[{"href":"https:\/\/nadplusencasa.com\/it\/wp-json\/wp\/v2\/types\/product"}],"replies":[{"embeddable":true,"href":"https:\/\/nadplusencasa.com\/it\/wp-json\/wp\/v2\/comments?post=775"}],"version-history":[{"count":0,"href":"https:\/\/nadplusencasa.com\/it\/wp-json\/wp\/v2\/product\/775\/revisions"}],"wp:featuredmedia":[{"embeddable":true,"href":"https:\/\/nadplusencasa.com\/it\/wp-json\/wp\/v2\/media\/1637"}],"wp:attachment":[{"href":"https:\/\/nadplusencasa.com\/it\/wp-json\/wp\/v2\/media?parent=775"}],"wp:term":[{"taxonomy":"product_brand","embeddable":true,"href":"https:\/\/nadplusencasa.com\/it\/wp-json\/wp\/v2\/product_brand?post=775"},{"taxonomy":"product_cat","embeddable":true,"href":"https:\/\/nadplusencasa.com\/it\/wp-json\/wp\/v2\/product_cat?post=775"},{"taxonomy":"product_tag","embeddable":true,"href":"https:\/\/nadplusencasa.com\/it\/wp-json\/wp\/v2\/product_tag?post=775"}],"curies":[{"name":"wp","href":"https:\/\/api.w.org\/{rel}","templated":true}]}}