{"id":71,"date":"2023-12-02T08:31:41","date_gmt":"2023-12-02T08:31:41","guid":{"rendered":"https:\/\/nadplusencasa.yousuccesskenya.com\/?post_type=product&#038;p=71"},"modified":"2025-09-27T19:00:35","modified_gmt":"2025-09-27T17:00:35","slug":"2000mg-nad-plus-full-home-injection-kit","status":"publish","type":"product","link":"https:\/\/nadplusencasa.com\/it\/prodotto\/2000mg-nad-plus-full-home-injection-kit\/","title":{"rendered":"2000mg Nad Plus En Casa Full Home Injection Kit"},"content":{"rendered":"<h3>Rivoluzionate la vostra terapia NAD+ con il nostro sistema a penna per iniezioni<\/h3>\n<p>Scopri il futuro della terapia con NAD+ con i nostri innovativi kit di iniezione domiciliare di NAD+. Come pionieri in Europa, siamo orgogliosi di offrire l'unico sistema di penna per l'iniezione di NAD+, impostando cos\u00ec un nuovo standard di convenienza ed efficacia. Il nostro rivoluzionario sistema di penna per l'iniezione ridefinisce la convenienza e la facilit\u00e0 d'uso, offrendo vantaggi senza pari che migliorano la tua esperienza terapeutica_<\/p>\n<h3>Principali benefici:<\/h3>\n<h3>Design user-friendly:<\/h3>\n<p>Il design elegante ed ergonomico della nostra penna d'iniezione garantisce un processo di somministrazione confortevole e senza sforzo, adatto sia ai principianti che agli utenti esperti.<\/p>\n<h3>Controllo preciso del dosaggio:<\/h3>\n<p>Con la nostra penna d'iniezione, puoi ottenere un controllo preciso del dosaggio, garantendo una consegna accurata della soluzione di NAD+ ad ogni utilizzo.<\/p>\n<h3>Esperienza senza dolore:<\/h3>\n<p>Dite addio al compito intimidatorio e all'incomodo associato alle tradizionali siringhe e aghi. La nostra penna d'iniezione \u00e8 dotata di un ago ultra sottile che riduce al minimo il dolore e l'incomodo durante l'amministrazione, rendendo il processo molto pi\u00f9 facile e gestibile.<\/p>\n<h3>Portabilit\u00e0 e convenienza:<\/h3>\n<p>Compatto e portatile, la nostra penna d'iniezione \u00e8 perfetta per l'uso in movimento. Che tu sia in viaggio o preferisca somministrare la terapia a casa, la nostra penna d'iniezione offre una comodit\u00e0 senza pari.<\/p>\n<h3>Rispettoso dell'ambiente:<\/h3>\n<p>La nostra penna d'iniezione \u00e8 progettata con la sostenibilit\u00e0 in mente. Il suo design riutilizzabile riduce gli sprechi e promuove la responsabilit\u00e0 ambientale.<\/p>\n<h3>Impegno per la qualit\u00e0 e la sostenibilit\u00e0:<\/h3>\n<p>Presso Nad Plus En Casa, l'integrit\u00e0 e la qualit\u00e0 sono primarie. Ci impegniamo a offrire prodotti premium di Nad+ a prezzi accessibili per tutti. Il nostro impegno per la sostenibilit\u00e0 si estende ai nostri prodotti e imballaggi eco-consapevoli, riducendo al minimo gli sprechi e promuovendo la gestione ambientale responsabile.<\/p>\n<h3>Perfetto per i viaggi:<\/h3>\n<p>Take your NAD+ essentials with you wherever you go with our travel-friendly reusable medical-grade thermal transport container<\/p>\n<p>and pen.<\/p>\n<h3>Vantaggi dell'abbonamento:<\/h3>\n<p>Vivi un accesso senza soluzione di continuit\u00e0 alla terapia NAD+ con consegne programmate come membro Prioritised. A differenza di altri servizi di abbonamento, non pianifichiamo i pagamenti, offrendoti il pieno controllo sul tuo percorso di benessere. Gestisci facilmente il tuo abbonamento per dare priorit\u00e0 al tuo benessere.<\/p>\n<h3 style=\"text-align: center;\">Prezzi chiari, shopping trasparente:<\/h3>\n<p style=\"text-align: center;\">Discover transparent pricing with no hidden fees and express rate shipping costs per item across Europe.<\/p>\n<p style=\"text-align: center;\">Sperimenta una consegna rapida in Europa, arrivando rapidamente a casa tua, a seconda della tua posizione.<\/p>\n<p style=\"text-align: center;\">Tutti gli articoli vengono spediti con spedizione rapida e arrivano in soli 2-3 giorni in Europa tramite DHL<\/p>\n<p style=\"text-align: center;\">Utilizziamo contenitori termici medici specializzati per garantire che i tuoi prodotti vengano consegnati in sicurezza e alla temperatura ideale.<\/p>\n<p style=\"text-align: center;\">Siamo impegnati a fornirti un servizio eccezionale e una qualit\u00e0 su cui puoi contare.<\/p>\n<p style=\"text-align: center;\">Tutti gli ordini vengono spediti dal nostro magazzino europeo, garantendo che non ci siano costi aggiuntivi di importazione per te.<\/p>\n<h3 style=\"text-align: center;\">Unisciti a noi nella creazione di un futuro pi\u00f9 sano e felice.<br \/>\nSemplifichiamo insieme il mantenimento della salute.<\/h3>\n<p><strong>AVVISO IMPORTANTE:<\/strong> These statements have not been evaluated by the Food Standards Agency or The European Food Safety Authority. The Nad Plus En Casa Home Injection Kit products and services are intended only for maintaining and encouraging a healthy lifestyle and are not to be used for diagnosis, cure, management, prevention, or treatment of any disease or condition. Always consult a healthcare professional before using any dietary supplement, particularly if pregnant, breastfeeding, or on medication. Do not exceed the recommended daily dose. Keep away from children. Supplements should not replace a varied diet and healthy lifestyle.<\/p>","protected":false},"excerpt":{"rendered":"<h3 style=\"text-align: left;\">NAD+ 2000mg Home Injection Kit<\/h3>\n<p style=\"text-align: left;\">Introducing the Nad Plus En Casa Home Injection Kit: a cutting-edge solution meticulously crafted for maximum absorption, ensuring unparalleled performance and well-being in the convenience of your own home. Offering a versatile alternative to traditional NAD IV drips, our Nad Plus En Casa Home Injection Kit provides flexibility in delivering optimal well-being solutions directly to your home.<\/p>\n<h4 style=\"text-align: left;\">Ogni Kit di Iniezione Domestica Nad Plus En Casa contiene:<\/h4>\n<ul style=\"text-align: left;\">\n<li>2000 mg di Nicotinamide Adenina Dinucleotide (NAD+). Fornitura per 2 mesi.<\/li>\n<li>32 salviette antibatteriche.<\/li>\n<li>32 Aghi per penna<\/li>\n<li>1 x Contenitore per oggetti taglienti (per lo smaltimento degli aghi usati). Un contenitore per oggetti taglienti pu\u00f2 contenere 120 aghi per penna.<\/li>\n<li>Penna per iniezione elegante e riutilizzabile per un'applicazione facile.<\/li>\n<li>Guida alle istruzioni completa<\/li>\n<\/ul>\n<p style=\"text-align: left;\">Design eco-sostenibile, minimizza gli sprechi con componenti riutilizzabili.<\/p>\n<p style=\"text-align: left;\">Sperimenta i benefici di<a href=\"https:\/\/nadplusencasa.com\/it\/nad-and-ageing-how-supplementation-may-slow-the-effects-of-time\/\" target=\"_blank\" rel=\"noopener\"> Integrazione di NAD+<\/a> con praticit\u00e0 e sostenibilit\u00e0<\/p>\n<p style=\"text-align: left;\">Nonostante la crescente domanda di Nad+ man mano che i suoi benefici vengono sempre pi\u00f9 riconosciuti, restiamo fermi nel nostro impegno ad offrire prezzi equi senza costi eccessivi.<\/p>\n<h3 style=\"text-align: center;\">Prezzi chiari, shopping trasparente:<\/h3>\n<p style=\"text-align: center;\">Discover transparent pricing with no hidden fees and express rate shipping costs per item across Europe.<\/p>\n<p class=\"p1\" style=\"text-align: center;\">Sperimenta una consegna rapida in Europa, arrivando rapidamente a casa tua, a seconda della tua posizione.<\/p>\n<p class=\"p1\" style=\"text-align: center;\">All items are fast-track shipped and arrive in just 2 to 3 days within Europe via <a href=\"https:\/\/www.dhl.com\/us-en\/home.html\" target=\"_blank\" rel=\"noopener\">DHL<\/a><\/p>\n<p class=\"p1\" style=\"text-align: center;\">Utilizziamo contenitori termici medici specializzati per garantire che i tuoi prodotti vengano consegnati in sicurezza e alla temperatura ideale.<\/p>\n<p class=\"p1\" style=\"text-align: center;\">Siamo impegnati a fornirti un servizio eccezionale e una qualit\u00e0 su cui puoi contare.<\/p>\n<p class=\"p1\" style=\"text-align: center;\">Tutti gli ordini vengono spediti dal nostro magazzino europeo, garantendo che non ci siano costi aggiuntivi di importazione per te.<\/p>\n<p class=\"p1\" style=\"text-align: center;\">Unisciti a noi nella creazione di un futuro pi\u00f9 sano e felice.<br \/>\nSemplifichiamo insieme il mantenimento della salute.<\/p>","protected":false},"featured_media":1636,"comment_status":"open","ping_status":"closed","template":"","meta":[],"product_brand":[],"product_cat":[22],"product_tag":[],"class_list":{"0":"post-71","1":"product","2":"type-product","3":"status-publish","4":"has-post-thumbnail","6":"product_cat-optimising-health-and-maximising-life","7":"product_shipping_class-express-shipping","9":"first","10":"instock","11":"featured","12":"purchasable","13":"product-type-simple"},"jetpack_sharing_enabled":true,"_links":{"self":[{"href":"https:\/\/nadplusencasa.com\/it\/wp-json\/wp\/v2\/product\/71","targetHints":{"allow":["GET"]}}],"collection":[{"href":"https:\/\/nadplusencasa.com\/it\/wp-json\/wp\/v2\/product"}],"about":[{"href":"https:\/\/nadplusencasa.com\/it\/wp-json\/wp\/v2\/types\/product"}],"replies":[{"embeddable":true,"href":"https:\/\/nadplusencasa.com\/it\/wp-json\/wp\/v2\/comments?post=71"}],"version-history":[{"count":1,"href":"https:\/\/nadplusencasa.com\/it\/wp-json\/wp\/v2\/product\/71\/revisions"}],"predecessor-version":[{"id":3155,"href":"https:\/\/nadplusencasa.com\/it\/wp-json\/wp\/v2\/product\/71\/revisions\/3155"}],"wp:featuredmedia":[{"embeddable":true,"href":"https:\/\/nadplusencasa.com\/it\/wp-json\/wp\/v2\/media\/1636"}],"wp:attachment":[{"href":"https:\/\/nadplusencasa.com\/it\/wp-json\/wp\/v2\/media?parent=71"}],"wp:term":[{"taxonomy":"product_brand","embeddable":true,"href":"https:\/\/nadplusencasa.com\/it\/wp-json\/wp\/v2\/product_brand?post=71"},{"taxonomy":"product_cat","embeddable":true,"href":"https:\/\/nadplusencasa.com\/it\/wp-json\/wp\/v2\/product_cat?post=71"},{"taxonomy":"product_tag","embeddable":true,"href":"https:\/\/nadplusencasa.com\/it\/wp-json\/wp\/v2\/product_tag?post=71"}],"curies":[{"name":"wp","href":"https:\/\/api.w.org\/{rel}","templated":true}]}}