{"id":1529,"date":"2024-11-05T22:48:02","date_gmt":"2024-11-05T21:48:02","guid":{"rendered":"https:\/\/nadplusencasa.yousuccesskenya.com\/?post_type=product&#038;p=1529"},"modified":"2025-05-19T17:48:38","modified_gmt":"2025-05-19T15:48:38","slug":"sleek-and-reusable-injection-pen-for-easy-administration","status":"publish","type":"product","link":"https:\/\/nadplusencasa.com\/it\/prodotto\/sleek-and-reusable-injection-pen-for-easy-administration\/","title":{"rendered":"Penna per iniezione elegante e riutilizzabile per un'applicazione facile."},"content":{"rendered":"<h3>Precise Sleek and reusable injection pen for easy administration for NAD+ Delivery \u2013 \u20ac48.99<\/h3>\n<div class=\"flex max-w-full flex-col flex-grow\">\n<div class=\"min-h-8 text-message flex w-full flex-col items-end gap-2 whitespace-normal break-words [.text-message+&amp;]:mt-5\" dir=\"auto\" data-message-author-role=\"assistant\" data-message-id=\"e565b977-8313-41ee-94d5-05715271dec0\">\n<div class=\"flex w-full flex-col gap-1 empty:hidden first:pt-[3px]\">\n<p>Elevate la vostra terapia NAD+ con il nostro <strong>Penna iniettore precisa<\/strong>, progettata specificamente per la somministrazione accurata e conveniente di <strong>Nicotinamide Adenina Dinucleotide (NAD+)<\/strong>. Progettata sia per i principianti che per gli appassionati esperti di terapia con NAD+, questa penna garantisce <strong>dosaggio costante, affidabile e preciso<\/strong> ad ogni utilizzo.<\/p>\n<p>Che tu voglia migliorare il tuo benessere, combattere gli effetti dell'invecchiamento o sostenere la tua vitalit\u00e0 complessiva, il nostro <strong>Penna iniettore precisa<\/strong> rende l'amministrazione della terapia NAD+ a casa facile, confortevole ed economica.<\/p>\n<h4><strong>Key Features:<\/strong><\/h4>\n<ul>\n<li style=\"list-style-type: none;\">\n<ul>\n<li><strong>Precision Dosing<\/strong>: Our insulin pen delivers <strong>precise doses of NAD+<\/strong> with every administration. No more guessing or measuring\u2014simply dial the dosage and inject for reliable, consistent results.<\/li>\n<li><strong>Easy to Use<\/strong>: The <strong>ergonomic design<\/strong> ensures that administering your NAD+ therapy is simple and comfortable. It\u2019s a user-friendly tool that suits both beginners and seasoned users, making it perfect for anyone looking to experience the benefits of NAD+.<\/li>\n<li><strong>Versatile &amp; Compatible<\/strong>: This pen is designed for use with <strong>NAD+ cartridges<\/strong> and is fully compatible with standard insulin pen needles, providing a versatile solution for your NAD+ treatment needs.<\/li>\n<li><strong>Compact and Portable<\/strong>: With its <strong>slim and sleek design<\/strong>, this pen is perfect for use at home or on the go. It\u2019s <strong>lightweight and easy to carry<\/strong>, ensuring that you can take your NAD+ therapy wherever life takes you.<\/li>\n<li><strong>Affordable Quality<\/strong>: Priced at just <strong>\u20ac48.99<\/strong>\u00a0our <strong>Penna iniettore precisa<\/strong> delivers exceptional quality and performance without breaking the bank. Get the precise, reliable dosing you need at a price that suits your budget.<\/li>\n<\/ul>\n<\/li>\n<\/ul>\n<\/div>\n<\/div>\n<\/div>","protected":false},"excerpt":{"rendered":"<h4><strong>Perch\u00e9 scegliere la nostra penna iniettore precisa?<\/strong><\/h4>\n<ul>\n<li><strong>Dosaggio preciso<\/strong>: Goditi la tranquillit\u00e0 sapendo di ricevere la dose esatta necessaria per ottenere risultati ottimali dalla terapia con NAD+. Il controllo preciso sulla dose elimina il rischio di sotto- o sovradosaggio, garantendo sicurezza ed efficacia.<\/li>\n<li><strong>Conveniente<\/strong>Presso <strong>\u20ac48.99<\/strong>: Presso di noi, la nostra penna per insulina offre un eccellente rapporto qualit\u00e0-prezzo, fornendo un metodo affidabile ed efficiente per l'erogazione del NAD+ a un prezzo accessibile.<\/li>\n<li><strong>Comodit\u00e0 e comfort<\/strong>: Che tu stia somministrando la tua terapia a casa o in movimento, la nostra penna offre <strong>Comodit\u00e0<\/strong> &amp; <strong>Comodit\u00e0<\/strong> in un <strong>design compatto e facile da usare<\/strong>.<\/li>\n<li><strong>Design affidabile<\/strong>: La penna \u00e8 progettata con <strong>qualit\u00e0 e affidabilit\u00e0<\/strong> : pensata con la qualit\u00e0 in mente, realizzata per un uso costante e progettata per aiutarti a ottenere i migliori risultati dal tuo trattamento con NAD+.<\/li>\n<\/ul>\n<h4><strong>Cosa \u00e8 incluso:<\/strong><\/h4>\n<ul>\n<li>1 x <strong>Penna iniettore precisa<\/strong><\/li>\n<li><strong>Compatible with NAD+ Cartridges<\/strong> (venduto separatamente)<\/li>\n<li>Istruzioni semplici per una facile configurazione e utilizzo<\/li>\n<\/ul>","protected":false},"featured_media":1447,"comment_status":"open","ping_status":"closed","template":"","meta":[],"product_brand":[],"product_cat":[22],"product_tag":[],"class_list":{"0":"post-1529","1":"product","2":"type-product","3":"status-publish","4":"has-post-thumbnail","6":"product_cat-optimising-health-and-maximising-life","7":"product_shipping_class-reusable-pen","9":"first","10":"instock","11":"featured","12":"purchasable","13":"product-type-simple"},"jetpack_sharing_enabled":true,"_links":{"self":[{"href":"https:\/\/nadplusencasa.com\/it\/wp-json\/wp\/v2\/product\/1529","targetHints":{"allow":["GET"]}}],"collection":[{"href":"https:\/\/nadplusencasa.com\/it\/wp-json\/wp\/v2\/product"}],"about":[{"href":"https:\/\/nadplusencasa.com\/it\/wp-json\/wp\/v2\/types\/product"}],"replies":[{"embeddable":true,"href":"https:\/\/nadplusencasa.com\/it\/wp-json\/wp\/v2\/comments?post=1529"}],"version-history":[{"count":0,"href":"https:\/\/nadplusencasa.com\/it\/wp-json\/wp\/v2\/product\/1529\/revisions"}],"wp:featuredmedia":[{"embeddable":true,"href":"https:\/\/nadplusencasa.com\/it\/wp-json\/wp\/v2\/media\/1447"}],"wp:attachment":[{"href":"https:\/\/nadplusencasa.com\/it\/wp-json\/wp\/v2\/media?parent=1529"}],"wp:term":[{"taxonomy":"product_brand","embeddable":true,"href":"https:\/\/nadplusencasa.com\/it\/wp-json\/wp\/v2\/product_brand?post=1529"},{"taxonomy":"product_cat","embeddable":true,"href":"https:\/\/nadplusencasa.com\/it\/wp-json\/wp\/v2\/product_cat?post=1529"},{"taxonomy":"product_tag","embeddable":true,"href":"https:\/\/nadplusencasa.com\/it\/wp-json\/wp\/v2\/product_tag?post=1529"}],"curies":[{"name":"wp","href":"https:\/\/api.w.org\/{rel}","templated":true}]}}