{"id":1313,"date":"2024-06-30T13:45:52","date_gmt":"2024-06-30T11:45:52","guid":{"rendered":"https:\/\/nadplusencasa.yousuccesskenya.com\/?post_type=product&#038;p=1313"},"modified":"2025-09-27T19:04:43","modified_gmt":"2025-09-27T17:04:43","slug":"buy-nad-1000mg-home-injection-refill-kit","status":"publish","type":"product","link":"https:\/\/nadplusencasa.com\/it\/prodotto\/buy-nad-1000mg-home-injection-refill-kit\/","title":{"rendered":"Kit di ricarica per iniezione a casa Nad Plus En Casa da 1000 mg"},"content":{"rendered":"<p class=\"p1\"><b>Rivoluzionate la vostra terapia NAD+ con il nostro sistema a penna per iniezioni<\/b><\/p>\n<p class=\"p1\">Scopri il futuro di <a href=\"https:\/\/nadplusencasa.com\/it\/\" target=\"_blank\" rel=\"noopener\">Terapia con NAD+<\/a> with our innovative NAD+ 1000mg\u00a0 Home Injection Kits. As pioneers in Europe, we\u2019re proud to offer the only injection pen system for administering NAD+, setting a new standard for convenience and efficacy. Our revolutionary injection pen system redefines convenience and ease of use, offering unparalleled benefits that enhance your therapy experience:<\/p>\n<p class=\"p1\"><b>Principali benefici:<\/b><\/p>\n<p class=\"p1\"><b>Design user-friendly:<\/b>\u00a0Il design elegante ed ergonomico della nostra penna d'iniezione garantisce un processo di somministrazione confortevole e senza sforzo, adatto sia ai principianti che agli utenti esperti.<\/p>\n<p class=\"p1\"><b>Controllo preciso del dosaggio:<\/b>\u00a0Con la nostra penna d'iniezione, puoi ottenere un controllo preciso del dosaggio, garantendo una consegna accurata della soluzione di NAD+ ad ogni utilizzo.<\/p>\n<p class=\"p1\"><b>Esperienza senza dolore:<\/b>\u00a0Dite addio al compito intimidatorio e all'incomodo associato alle tradizionali siringhe e aghi. La nostra penna d'iniezione \u00e8 dotata di un ago ultra sottile che riduce al minimo il dolore e l'incomodo durante l'amministrazione, rendendo il processo molto pi\u00f9 facile e gestibile.<\/p>\n<p class=\"p1\"><b>Portabilit\u00e0 e convenienza:<\/b>\u00a0Compatto e portatile, il nostro penna d'iniezione \u00e8 perfetto per l'uso in movimento. Che tu stia viaggiando o preferisca somministrare la terapia a casa, la nostra penna d'iniezione offre un comodit\u00e0 senza pari.<\/p>\n<p class=\"p1\"><b>Rispettoso dell'ambiente:<\/b>\u00a0La nostra penna d'iniezione \u00e8 progettata con la sostenibilit\u00e0 in mente. Il suo design riutilizzabile riduce gli sprechi e promuove la responsabilit\u00e0 ambientale.<\/p>\n<p class=\"p1\"><b>Impegno per la qualit\u00e0 e la sostenibilit\u00e0:<\/b><\/p>\n<p class=\"p1\">Presso Nad Plus En Casa, l'integrit\u00e0 e la qualit\u00e0 sono fondamentali. Siamo impegnati a offrire prodotti premium di Nad+ a prezzi accessibili per tutti. Il nostro impegno per la sostenibilit\u00e0 si estende ai nostri prodotti e confezioni eco-compatibili, riducendo al minimo gli sprechi e promuovendo la tutela ambientale.<\/p>\n<p class=\"p1\"><b>Perfetto per i viaggi:<\/b><\/p>\n<p class=\"p1\">Take your NAD+ 1000mg essentials with you wherever you go with our travel-friendly reusable medical-grade thermal transport container<\/p>\n<p class=\"p1\">and pen.<\/p>\n<p class=\"p1\" style=\"text-align: center;\"><b>Prezzi chiari, shopping trasparente:<\/b><\/p>\n<p class=\"p2\" style=\"text-align: center;\">Scopri prezzi trasparenti senza costi nascosti e spese di spedizione espresse per articolo. <a href=\"https:\/\/en.wikipedia.org\/wiki\/Europe\" target=\"_blank\" rel=\"noopener\"><span class=\"s1\">Europa<\/span><\/a>.<\/p>\n<p class=\"p1\" style=\"text-align: center;\">Sperimenta una consegna rapida in Europa, arrivando rapidamente a casa tua, a seconda della tua posizione.<\/p>\n<p class=\"p1\" style=\"text-align: center;\">Tutti gli articoli vengono spediti con spedizione rapida e arrivano in soli 2-3 giorni in Europa tramite DHL<\/p>\n<p class=\"p1\" style=\"text-align: center;\">Utilizziamo contenitori termici medici specializzati per garantire che i tuoi prodotti vengano consegnati in sicurezza e alla temperatura ideale.<\/p>\n<p class=\"p1\" style=\"text-align: center;\">Siamo impegnati a fornirti un servizio eccezionale e una qualit\u00e0 su cui puoi contare.<\/p>\n<p class=\"p1\" style=\"text-align: center;\">Tutti gli ordini vengono spediti dal nostro magazzino europeo, garantendo che non ci siano costi aggiuntivi di importazione per te.<br \/>\nUnisciti a noi nella creazione di un futuro pi\u00f9 sano e felice.<br \/>\nSemplifichiamo insieme il mantenimento della salute.<\/p>\n<p class=\"p1\"><strong>AVVISO IMPORTANTE:<\/strong> Queste dichiarazioni non sono state valutate dalla Food Standards Agency o <span class=\"BxUVEf ILfuVd\" lang=\"en\"><span class=\"hgKElc\"><span tabindex=\"0\" role=\"tooltip\"><span class=\"c5aZPb\" tabindex=\"0\" role=\"button\" data-enable-toggle-animation=\"true\" data-extra-container-classes=\"ZLo7Eb\" data-hover-hide-delay=\"1000\" data-hover-open-delay=\"500\" data-send-open-event=\"true\" data-theme=\"0\" data-width=\"250\" data-ved=\"2ahUKEwi0oY70-raHAxXQSfEDHZBoCsQQmpgGegQIIRAD\"><span class=\"JPfdse\" data-bubble-link=\"\" data-segment-text=\"The European Food Safety Authority\">L'Autorit\u00e0 Europea per la Sicurezza Alimentare<\/span><\/span><\/span><\/span><\/span>I prodotti e servizi del Kit di Iniezione a Casa Nad Plus sono destinati esclusivamente al mantenimento e alla promozione di uno stile di vita sano e non devono essere utilizzati per la diagnosi, cura, gestione, prevenzione o trattamento di malattie o condizioni. Consultare sempre un professionista sanitario prima di utilizzare qualsiasi integratore alimentare, in particolare se si \u00e8 in gravidanza, in allattamento o si stanno assumendo farmaci. Non superare la dose giornaliera raccomandata. Tenere fuori dalla portata dei bambini. Gli integratori non devono sostituire una dieta varia e uno stile di vita sano.<\/p>\n<p style=\"text-align: center;\">","protected":false},"excerpt":{"rendered":"<h4 style=\"text-align: center;\"><strong>: Incluso nel nostro kit di ricarica, una fornitura di un mese di NAD+ 1000 mg.<\/strong><\/h4>\n<p style=\"text-align: center;\">Our NAD+ 1000mg Home Kits and refills include a two-month supply of pure, active NAD+ and the necessary equipment for subcutaneous injection, enabling you to self-administer the treatment conveniently at home.<\/p>\n<p style=\"text-align: center;\">We recommend 1000mg per month via home NAD+ 1000mg subcutaneous injections to boost your wellness and enhance your overall vitality.<\/p>\n<p style=\"text-align: center;\"><strong>Ogni kit di ricarica contiene:<\/strong><\/p>\n<ul style=\"text-align: center;\">\n<li>Cartucce contenenti 1000 mg di Nicotinamide Adenina Dinucleotide (NAD+), che forniscono una fornitura per un mese.<\/li>\n<li>16 salviette antibatteriche.<\/li>\n<li>16 aghi per penna<\/li>\n<li class=\"li1\">Contenitore termico riutilizzabile di grado medico, fornito per la comodit\u00e0 in viaggio.<\/li>\n<li>Guida completa alle istruzioni<\/li>\n<\/ul>\n<p style=\"text-align: center;\">Despite the rising demand for NAD+ 1000 mg as its benefits become more recognised, we remain steadfast in offering fair pricing without excessive charges.<\/p>\n<p class=\"p1\" style=\"text-align: center;\"><b>Acquisti trasparenti:<\/b><\/p>\n<p class=\"p1\" style=\"text-align: center;\">Scopri prezzi trasparenti senza costi nascosti e spedizione espressa in tutta Europa.<\/p>\n<p class=\"p1\" style=\"text-align: center;\">Sperimenta una consegna rapida in Europa, arrivando rapidamente a casa tua, a seconda della tua posizione.<\/p>\n<p class=\"p1\" style=\"text-align: center;\">Tutti gli ordini vengono spediti dal nostro magazzino europeo, garantendo che non ci siano costi aggiuntivi di importazione per te.<\/p>\n<p class=\"p1\" style=\"text-align: center;\">Unisciti a noi nella creazione di un futuro pi\u00f9 sano e felice.<\/p>\n<p class=\"p1\" style=\"text-align: center;\">Semplifichiamo insieme il mantenimento della salute.<\/p>\n<p style=\"text-align: center;\">","protected":false},"featured_media":1637,"comment_status":"open","ping_status":"closed","template":"","meta":[],"product_brand":[],"product_cat":[22],"product_tag":[],"class_list":{"0":"post-1313","1":"product","2":"type-product","3":"status-publish","4":"has-post-thumbnail","6":"product_cat-optimising-health-and-maximising-life","7":"product_shipping_class-express-shipping","9":"first","10":"instock","11":"featured","12":"purchasable","13":"product-type-simple"},"jetpack_sharing_enabled":true,"_links":{"self":[{"href":"https:\/\/nadplusencasa.com\/it\/wp-json\/wp\/v2\/product\/1313","targetHints":{"allow":["GET"]}}],"collection":[{"href":"https:\/\/nadplusencasa.com\/it\/wp-json\/wp\/v2\/product"}],"about":[{"href":"https:\/\/nadplusencasa.com\/it\/wp-json\/wp\/v2\/types\/product"}],"replies":[{"embeddable":true,"href":"https:\/\/nadplusencasa.com\/it\/wp-json\/wp\/v2\/comments?post=1313"}],"version-history":[{"count":1,"href":"https:\/\/nadplusencasa.com\/it\/wp-json\/wp\/v2\/product\/1313\/revisions"}],"predecessor-version":[{"id":3156,"href":"https:\/\/nadplusencasa.com\/it\/wp-json\/wp\/v2\/product\/1313\/revisions\/3156"}],"wp:featuredmedia":[{"embeddable":true,"href":"https:\/\/nadplusencasa.com\/it\/wp-json\/wp\/v2\/media\/1637"}],"wp:attachment":[{"href":"https:\/\/nadplusencasa.com\/it\/wp-json\/wp\/v2\/media?parent=1313"}],"wp:term":[{"taxonomy":"product_brand","embeddable":true,"href":"https:\/\/nadplusencasa.com\/it\/wp-json\/wp\/v2\/product_brand?post=1313"},{"taxonomy":"product_cat","embeddable":true,"href":"https:\/\/nadplusencasa.com\/it\/wp-json\/wp\/v2\/product_cat?post=1313"},{"taxonomy":"product_tag","embeddable":true,"href":"https:\/\/nadplusencasa.com\/it\/wp-json\/wp\/v2\/product_tag?post=1313"}],"curies":[{"name":"wp","href":"https:\/\/api.w.org\/{rel}","templated":true}]}}