{"id":366,"date":"2024-02-03T11:02:04","date_gmt":"2024-02-03T11:02:04","guid":{"rendered":"https:\/\/nadplusencasa.yousuccesskenya.com\/?page_id=366"},"modified":"2025-04-13T05:11:46","modified_gmt":"2025-04-13T03:11:46","slug":"shipping-delivery","status":"publish","type":"page","link":"https:\/\/nadplusencasa.com\/it\/shipping-delivery\/","title":{"rendered":"Spedizione e Consegna"},"content":{"rendered":"<section class=\"boxed-content\">\n<div class=\"inner-container\">\n<h2 class=\"heading\">Spedizione &amp; Consegna<\/h2>\n<h3 class=\"sub-heading\">Politica di Consegna<\/h3>\n<p>Questa politica delinea i nostri metodi di consegna, tempi e costi per gli ordini effettuati sul nostro sito web.<\/p>\n<ul>\n<li>Deliveries Europe-wide typically take 2\u20133 days.<\/li>\n<li>Ci impegniamo per una consegna tempestiva ma non possiamo garantirla; i prodotti vengono di solito spediti entro 7 giorni<\/li>\n<li>Delivery times are not guaranteed. To ensure timely delivery and avoid weekend delays, orders will only be posted on Mondays, Tuesdays, and Wednesdays.<\/li>\n<li>\u00c8 consigliabile effettuare gli ordini tenendo presente questo.<\/li>\n<li>\u00c8 consigliabile effettuare gli ordini durante la prima parte della settimana.<\/li>\n<li>You can track your order using the provided order number on our delivery service provider\u2019s website once we have received it into our customer account.<\/li>\n<li>Le consegne richiedono una firma e devono essere ricevute di persona all'indirizzo di consegna con prova di identit\u00e0. Il nostro fornitore di servizi di consegna far\u00e0 almeno un altro tentativo di consegna se il primo tentativo non avr\u00e0 successo.<\/li>\n<li>I prodotti non consegnati possono essere ritirati dal fornitore del servizio di consegna utilizzando le istruzioni lasciate al tuo indirizzo.<\/li>\n<li>Contattaci tramite il nostro sito web per qualsiasi problema di consegna.<\/li>\n<li>Potrebbero essere applicati costi aggiuntivi per la nuova consegna se il mancato recapito \u00e8 dovuto a un errore da parte vostra (ad esempio, indirizzo errato, luogo non accessibile o destinatario non disponibile).<\/li>\n<li>Accettando e firmando la consegna, accetti di ricevere l'articolo nello stato in cui \u00e8 stato consegnato, e non possiamo assumerci la responsabilit\u00e0 per eventuali problemi successivi legati a perdite o danni.<\/li>\n<\/ul><\/div>\n<\/section>\n<style>\n  .boxed-content {\n    padding-top: 0;\n    padding-bottom: 60px;\n    font-family: 'DM Sans', sans-serif;\n  }\n  .inner-container {\n    max-width: 1200px;\n    margin: 0 auto;\n    text-align: left;\n    box-sizing: border-box;\n  }\n  .heading,\n  .sub-heading,\n  p,\n  ul,\n  li {\n    margin: 0 0 1em 0;\n  }\n<\/style>","protected":false},"excerpt":{"rendered":"<p>Shipping &amp; Delivery Delivery Policy This policy outlines our delivery methods, timeframes, and charges for orders placed on our website. Deliveries Europe-wide typically take 2\u20133 days. We aim for timely&#8230;<\/p>","protected":false},"author":1,"featured_media":0,"parent":0,"menu_order":0,"comment_status":"closed","ping_status":"closed","template":"elementor_header_footer","meta":{"footnotes":""},"class_list":["post-366","page","type-page","status-publish"],"jetpack_sharing_enabled":true,"_links":{"self":[{"href":"https:\/\/nadplusencasa.com\/it\/wp-json\/wp\/v2\/pages\/366","targetHints":{"allow":["GET"]}}],"collection":[{"href":"https:\/\/nadplusencasa.com\/it\/wp-json\/wp\/v2\/pages"}],"about":[{"href":"https:\/\/nadplusencasa.com\/it\/wp-json\/wp\/v2\/types\/page"}],"author":[{"embeddable":true,"href":"https:\/\/nadplusencasa.com\/it\/wp-json\/wp\/v2\/users\/1"}],"replies":[{"embeddable":true,"href":"https:\/\/nadplusencasa.com\/it\/wp-json\/wp\/v2\/comments?post=366"}],"version-history":[{"count":0,"href":"https:\/\/nadplusencasa.com\/it\/wp-json\/wp\/v2\/pages\/366\/revisions"}],"wp:attachment":[{"href":"https:\/\/nadplusencasa.com\/it\/wp-json\/wp\/v2\/media?parent=366"}],"curies":[{"name":"wp","href":"https:\/\/api.w.org\/{rel}","templated":true}]}}