{"id":775,"date":"2024-03-15T14:04:41","date_gmt":"2024-03-15T14:04:41","guid":{"rendered":"https:\/\/nadplusencasa.yousuccesskenya.com\/?post_type=product&#038;p=775"},"modified":"2025-07-05T04:43:25","modified_gmt":"2025-07-05T02:43:25","slug":"nad-plus-injection-2000mg-refill-kit","status":"publish","type":"product","link":"https:\/\/nadplusencasa.com\/fr\/produit\/nad-plus-injection-2000mg-refill-kit\/","title":{"rendered":"2000mg Nad Plus En Casa Home Injection Refill Kit"},"content":{"rendered":"<p><strong>NAD+ 2000mg<\/strong><\/p>\n<p><strong>R\u00e9volutionnez votre th\u00e9rapie NAD+ avec notre syst\u00e8me de stylo d'injection<\/strong><\/p>\n<p>Discover the future of NAD+ therapy with our innovative<a href=\"https:\/\/nadplusencasa.com\/fr\/nad-injection-at-home\/\" target=\"_blank\" rel=\"noopener\"> NAD+ Home Injection Kits<\/a>. As pioneers in Europe, we\u2019re proud to offer the only injection pen system for administering NAD+, setting a new standard for convenience and efficacy. Our revolutionary injection pen system redefines convenience and ease of use, offering unparalleled benefits that enhance your therapy experience:<\/p>\n<p><strong>Avantages cl\u00e9s :<\/strong><\/p>\n<p><strong>Conception conviviale :<\/strong>\u00a0Le design \u00e9l\u00e9gant et ergonomique de notre stylo d'injection garantit un processus d'administration confortable et sans effort, adapt\u00e9 aussi bien aux d\u00e9butants qu'aux utilisateurs exp\u00e9riment\u00e9s.<\/p>\n<p><strong>Contr\u00f4le de dosage pr\u00e9cis :<\/strong>\u00a0Avec notre stylo d'injection, vous pouvez obtenir un contr\u00f4le pr\u00e9cis du dosage, garantissant une administration pr\u00e9cise de la solution de NAD+ \u00e0 chaque utilisation.<\/p>\n<p><strong>Exp\u00e9rience sans douleur :<\/strong>\u00a0Dites adieu \u00e0 la t\u00e2che redoutable et \u00e0 l'inconfort associ\u00e9s aux aiguilles et seringues traditionnelles. Notre stylo d'injection est \u00e9quip\u00e9 d'une aiguille ultrafine qui r\u00e9duit au minimum la douleur et l'inconfort lors de l'administration, rendant le processus beaucoup plus facile et plus g\u00e9rable.<\/p>\n<p><strong>Portabilit\u00e9 et commodit\u00e9 :<\/strong>\u00a0Compact et portable, notre stylo d'injection est parfait pour une utilisation en d\u00e9placement. Que vous voyagiez ou pr\u00e9f\u00e9riez administrer la th\u00e9rapie \u00e0 domicile, notre stylo d'injection offre une commodit\u00e9 in\u00e9gal\u00e9e.<\/p>\n<p><strong>Respectueux de l'environnement :<\/strong>\u00a0Notre stylo d'injection est con\u00e7u en tenant compte de la durabilit\u00e9. Son design r\u00e9utilisable r\u00e9duit les d\u00e9chets et favorise la responsabilit\u00e9 environnementale.<\/p>\n<p><strong>Engagement envers la qualit\u00e9 et la durabilit\u00e9 :<\/strong><\/p>\n<p>Chez Nad Plus En Casa, l'int\u00e9grit\u00e9 et la qualit\u00e9 sont primordiales. Nous avons pour mission d'offrir des produits Nad+ de premi\u00e8re qualit\u00e9 \u00e0 des prix accessibles pour tous. Notre engagement envers la durabilit\u00e9 s'\u00e9tend \u00e0 nos produits respectueux de l'environnement et \u00e0 nos emballages, r\u00e9duisant ainsi les d\u00e9chets et favorisant la gestion environnementale.<\/p>\n<p class=\"p1\"><b>Parfait pour les voyages :<\/b><\/p>\n<p class=\"p1\">Take your NAD+ essentials with you wherever you go with our travel-friendly reusable medical-grade thermal transport container<\/p>\n<p class=\"p1\">and pen.<\/p>\n<h3 style=\"text-align: center;\">Des prix clairs, des achats transparents :<\/h3>\n<p style=\"text-align: center;\">D\u00e9couvrez des prix transparents sans frais cach\u00e9s et des co\u00fbts d'exp\u00e9dition express par article. <a href=\"https:\/\/en.wikipedia.org\/wiki\/Europe\" target=\"_blank\" rel=\"noopener\">Europe<\/a>.<\/p>\n<p class=\"p1\" style=\"text-align: center;\">Profitez d'une livraison rapide en Europe, arrivant rapidement \u00e0 votre porte selon votre emplacement.<\/p>\n<p class=\"p1\" style=\"text-align: center;\">Tous les articles sont exp\u00e9di\u00e9s en priorit\u00e9 et arrivent en seulement 2 \u00e0 3 jours en Europe via DHL<\/p>\n<p class=\"p1\" style=\"text-align: center;\">Nous utilisons des contenants thermiques m\u00e9dicaux sp\u00e9cialis\u00e9s pour garantir que vos produits sont livr\u00e9s en toute s\u00e9curit\u00e9 et \u00e0 la temp\u00e9rature id\u00e9ale.<\/p>\n<p class=\"p1\" style=\"text-align: center;\">Nous nous engageons \u00e0 vous fournir un service exceptionnel et une qualit\u00e9 sur laquelle vous pouvez compter.<\/p>\n<p class=\"p1\" style=\"text-align: center;\">Toutes les commandes sont exp\u00e9di\u00e9es depuis notre entrep\u00f4t europ\u00e9en, garantissant l'absence de frais d'importation suppl\u00e9mentaires pour vous.<br \/>\nJoignez-vous \u00e0 nous pour cr\u00e9er un avenir plus sain et plus heureux.<br \/>\nSimplifions ensemble le maintien d'une bonne sant\u00e9.<\/p>\n<p>&nbsp;<\/p>\n<p>&nbsp;<\/p>\n<p style=\"text-align: center;\"><strong>AVIS IMPORTANT :<\/strong> Ces d\u00e9clarations n'ont pas \u00e9t\u00e9 \u00e9valu\u00e9es par la Food Standards Agency ou <span class=\"BxUVEf ILfuVd\" lang=\"en\"><span class=\"hgKElc\"><span tabindex=\"0\" role=\"tooltip\"><span class=\"c5aZPb\" tabindex=\"0\" role=\"button\" data-enable-toggle-animation=\"true\" data-extra-container-classes=\"ZLo7Eb\" data-hover-hide-delay=\"1000\" data-hover-open-delay=\"500\" data-send-open-event=\"true\" data-theme=\"0\" data-width=\"250\" data-ved=\"2ahUKEwi0oY70-raHAxXQSfEDHZBoCsQQmpgGegQIIRAD\"><span class=\"JPfdse\" data-bubble-link=\"\" data-segment-text=\"The European Food Safety Authority\">L'Autorit\u00e9 Europ\u00e9enne de S\u00e9curit\u00e9 Alimentaire<\/span><\/span><\/span><\/span><\/span>Les produits et services du Kit d'Injection \u00e0 Domicile Nad Plus sont destin\u00e9s uniquement \u00e0 maintenir et encourager un mode de vie sain et ne doivent pas \u00eatre utilis\u00e9s pour le diagnostic, la gu\u00e9rison, la gestion, la pr\u00e9vention ou le traitement de toute maladie ou condition. Consultez toujours un professionnel de sant\u00e9 avant d'utiliser tout suppl\u00e9ment alimentaire, particuli\u00e8rement si vous \u00eates enceinte, allaitez ou prenez des m\u00e9dicaments. Ne d\u00e9passez pas la dose quotidienne recommand\u00e9e. Gardez hors de port\u00e9e des enfants. Les suppl\u00e9ments ne doivent pas remplacer une alimentation vari\u00e9e et un mode de vie sain.<\/p>\n<p style=\"text-align: center;\">","protected":false},"excerpt":{"rendered":"<p><strong>Inclus dans notre kit de recharge, il y a UN APPROVISIONNEMENT DE 2 MOIS DE NAD+ 2000mg.<\/strong><\/p>\n<p>These NAD+ 2000mg Home Kits and refills \u00a0include a two-month supply of pure, active NAD+ and the necessary equipment for subcutaneous injection, enabling you to self-administer the treatment conveniently at home.<\/p>\n<p>Nous recommandons 1000 mg par mois par des injections sous-cutan\u00e9es de Nad+ \u00e0 domicile pour stimuler votre bien-\u00eatre et am\u00e9liorer votre vitalit\u00e9 globale.<\/p>\n<p>&nbsp;<\/p>\n<ul>\n<li>Cartouches contenant 1000 mg de Nicotinamide Ad\u00e9nine Dinucl\u00e9otide (NAD+), fournissant un approvisionnement pour un mois.<\/li>\n<li>32 lingettes antibact\u00e9riennes.<\/li>\n<li>32 Aiguilles pour stylo<\/li>\n<li>Guide d'instructions complet<\/li>\n<\/ul>\n<p style=\"text-align: left;\">Despite the rising demand for Nad+ 2000mg as its benefits become more recognised, we remain steadfast in offering fair pricing without excessive charges<\/p>\n<div class=\"flex-col gap-1 md:gap-3\">\n<div class=\"flex flex-grow flex-col max-w-full\">\n<div class=\"min-h-[20px] text-message flex flex-col items-start whitespace-pre-wrap break-words [.text-message+&amp;]:mt-5 juice:w-full juice:items-end overflow-x-auto gap-2\" dir=\"auto\" data-message-author-role=\"assistant\" data-message-id=\"83139bbb-f06c-427d-af0b-fefb492618c1\">\n<div class=\"flex w-full flex-col gap-1 juice:empty:hidden juice:first:pt-[3px]\">\n<div class=\"markdown prose w-full break-words dark:prose-invert light\">\n<p>&nbsp;<\/p>\n<hr \/>\n<h3 style=\"text-align: center;\">Des prix clairs, des achats transparents :<\/h3>\n<p style=\"text-align: center;\">Discover transparent pricing with no hidden fees and flat rate shipping costs across Europe.<\/p>\n<p style=\"text-align: center;\">Profitez d'une livraison rapide en Europe, arrivant rapidement \u00e0 votre porte selon votre emplacement.<\/p>\n<p style=\"text-align: center;\">Toutes les commandes sont exp\u00e9di\u00e9es depuis notre entrep\u00f4t europ\u00e9en, garantissant l'absence de frais d'importation suppl\u00e9mentaires pour vous.<\/p>\n<p style=\"text-align: center;\">Joignez-vous \u00e0 nous pour cr\u00e9er un avenir plus sain et plus heureux.<\/p>\n<p style=\"text-align: center;\">Simplifions ensemble le maintien d'une bonne sant\u00e9.<\/p>\n<\/div>\n<\/div>\n<\/div>\n<\/div>\n<\/div>","protected":false},"featured_media":1637,"comment_status":"open","ping_status":"closed","template":"","meta":[],"product_brand":[],"product_cat":[22],"product_tag":[],"class_list":{"0":"post-775","1":"product","2":"type-product","3":"status-publish","4":"has-post-thumbnail","6":"product_cat-optimising-health-and-maximising-life","7":"product_shipping_class-express-shipping","9":"first","10":"instock","11":"featured","12":"purchasable","13":"product-type-simple"},"jetpack_sharing_enabled":true,"_links":{"self":[{"href":"https:\/\/nadplusencasa.com\/fr\/wp-json\/wp\/v2\/product\/775","targetHints":{"allow":["GET"]}}],"collection":[{"href":"https:\/\/nadplusencasa.com\/fr\/wp-json\/wp\/v2\/product"}],"about":[{"href":"https:\/\/nadplusencasa.com\/fr\/wp-json\/wp\/v2\/types\/product"}],"replies":[{"embeddable":true,"href":"https:\/\/nadplusencasa.com\/fr\/wp-json\/wp\/v2\/comments?post=775"}],"version-history":[{"count":0,"href":"https:\/\/nadplusencasa.com\/fr\/wp-json\/wp\/v2\/product\/775\/revisions"}],"wp:featuredmedia":[{"embeddable":true,"href":"https:\/\/nadplusencasa.com\/fr\/wp-json\/wp\/v2\/media\/1637"}],"wp:attachment":[{"href":"https:\/\/nadplusencasa.com\/fr\/wp-json\/wp\/v2\/media?parent=775"}],"wp:term":[{"taxonomy":"product_brand","embeddable":true,"href":"https:\/\/nadplusencasa.com\/fr\/wp-json\/wp\/v2\/product_brand?post=775"},{"taxonomy":"product_cat","embeddable":true,"href":"https:\/\/nadplusencasa.com\/fr\/wp-json\/wp\/v2\/product_cat?post=775"},{"taxonomy":"product_tag","embeddable":true,"href":"https:\/\/nadplusencasa.com\/fr\/wp-json\/wp\/v2\/product_tag?post=775"}],"curies":[{"name":"wp","href":"https:\/\/api.w.org\/{rel}","templated":true}]}}