{"id":1529,"date":"2024-11-05T22:48:02","date_gmt":"2024-11-05T21:48:02","guid":{"rendered":"https:\/\/nadplusencasa.yousuccesskenya.com\/?post_type=product&#038;p=1529"},"modified":"2025-05-19T17:48:38","modified_gmt":"2025-05-19T15:48:38","slug":"sleek-and-reusable-injection-pen-for-easy-administration","status":"publish","type":"product","link":"https:\/\/nadplusencasa.com\/fr\/produit\/sleek-and-reusable-injection-pen-for-easy-administration\/","title":{"rendered":"Stylo d'injection \u00e9l\u00e9gant et r\u00e9utilisable pour une administration facile."},"content":{"rendered":"<h3>Precise Sleek and reusable injection pen for easy administration for NAD+ Delivery \u2013 \u20ac48.99<\/h3>\n<div class=\"flex max-w-full flex-col flex-grow\">\n<div class=\"min-h-8 text-message flex w-full flex-col items-end gap-2 whitespace-normal break-words [.text-message+&amp;]:mt-5\" dir=\"auto\" data-message-author-role=\"assistant\" data-message-id=\"e565b977-8313-41ee-94d5-05715271dec0\">\n<div class=\"flex w-full flex-col gap-1 empty:hidden first:pt-[3px]\">\n<p>\u00c9levez votre th\u00e9rapie NAD+ avec notre <strong>Stylo injecteur pr\u00e9cis<\/strong>, con\u00e7u sp\u00e9cifiquement pour l'administration pr\u00e9cise et pratique de <strong>Nicotinamide Ad\u00e9nine Dinucl\u00e9otide (NAD+)<\/strong>. Con\u00e7u pour les utilisateurs novices ainsi que pour les passionn\u00e9s exp\u00e9riment\u00e9s de la th\u00e9rapie NAD+, ce stylo garantit <strong>dosage constant, fiable et pr\u00e9cis<\/strong> \u00e0 chaque utilisation.<\/p>\n<p>Que vous cherchiez \u00e0 am\u00e9liorer votre bien-\u00eatre, combattre les effets du vieillissement ou soutenir votre vitalit\u00e9 globale, notre <strong>Stylo injecteur pr\u00e9cis<\/strong> rend l'administration de la th\u00e9rapie NAD+ \u00e0 domicile facile, confortable et \u00e9conomique.<\/p>\n<h4><strong>Key Features:<\/strong><\/h4>\n<ul>\n<li style=\"list-style-type: none;\">\n<ul>\n<li><strong>Precision Dosing<\/strong>: Our insulin pen delivers <strong>precise doses of NAD+<\/strong> with every administration. No more guessing or measuring\u2014simply dial the dosage and inject for reliable, consistent results.<\/li>\n<li><strong>Easy to Use<\/strong>: The <strong>ergonomic design<\/strong> ensures that administering your NAD+ therapy is simple and comfortable. It\u2019s a user-friendly tool that suits both beginners and seasoned users, making it perfect for anyone looking to experience the benefits of NAD+.<\/li>\n<li><strong>Versatile &amp; Compatible<\/strong>: This pen is designed for use with <strong>NAD+ cartridges<\/strong> and is fully compatible with standard insulin pen needles, providing a versatile solution for your NAD+ treatment needs.<\/li>\n<li><strong>Compact and Portable<\/strong>: With its <strong>slim and sleek design<\/strong>, this pen is perfect for use at home or on the go. It\u2019s <strong>lightweight and easy to carry<\/strong>, ensuring that you can take your NAD+ therapy wherever life takes you.<\/li>\n<li><strong>Affordable Quality<\/strong>: Priced at just <strong>\u20ac48.99<\/strong>\u00a0our <strong>Stylo injecteur pr\u00e9cis<\/strong> delivers exceptional quality and performance without breaking the bank. Get the precise, reliable dosing you need at a price that suits your budget.<\/li>\n<\/ul>\n<\/li>\n<\/ul>\n<\/div>\n<\/div>\n<\/div>","protected":false},"excerpt":{"rendered":"<h4><strong>Pourquoi choisir notre stylo injecteur pr\u00e9cis ?<\/strong><\/h4>\n<ul>\n<li><strong>Dosage pr\u00e9cis<\/strong>: Profitez de la tranquillit\u00e9 d'esprit en sachant que vous recevez la dose exacte n\u00e9cessaire pour des r\u00e9sultats optimaux de la th\u00e9rapie au NAD+. Le contr\u00f4le pr\u00e9cis de la dose \u00e9limine le risque de sous- ou de surdosage, garantissant ainsi la s\u00e9curit\u00e9 et l'efficacit\u00e9.<\/li>\n<li><strong>Rentable<\/strong>Chez <strong>\u20ac48.99<\/strong>: Chez nous, notre stylo \u00e0 insuline offre un excellent rapport qualit\u00e9-prix, vous fournissant une m\u00e9thode fiable et efficace pour l'administration du NAD+ \u00e0 un prix abordable.<\/li>\n<li><strong>Commodit\u00e9 et confort<\/strong>: Que vous administriez votre th\u00e9rapie \u00e0 domicile ou en d\u00e9placement, notre stylo offre <strong>Confort<\/strong> &amp; <strong>Commodit\u00e9<\/strong> dans un <strong>design compact et facile \u00e0 utiliser<\/strong>.<\/li>\n<li><strong>Design fiable<\/strong>: Le stylo est con\u00e7u avec <strong>qualit\u00e9 et fiabilit\u00e9<\/strong> : con\u00e7ue avec la qualit\u00e9 en t\u00eate, faite pour une utilisation r\u00e9guli\u00e8re et con\u00e7ue pour vous aider \u00e0 obtenir les meilleurs r\u00e9sultats de votre traitement au NAD+.<\/li>\n<\/ul>\n<h4><strong>Ce qui est inclus :<\/strong><\/h4>\n<ul>\n<li>1 x <strong>Stylo injecteur pr\u00e9cis<\/strong><\/li>\n<li><strong>Compatible with NAD+ Cartridges<\/strong> (vendu s\u00e9par\u00e9ment)<\/li>\n<li>Instructions simples pour une installation et une utilisation faciles<\/li>\n<\/ul>","protected":false},"featured_media":1447,"comment_status":"open","ping_status":"closed","template":"","meta":[],"product_brand":[],"product_cat":[22],"product_tag":[],"class_list":{"0":"post-1529","1":"product","2":"type-product","3":"status-publish","4":"has-post-thumbnail","6":"product_cat-optimising-health-and-maximising-life","7":"product_shipping_class-reusable-pen","9":"first","10":"instock","11":"featured","12":"purchasable","13":"product-type-simple"},"jetpack_sharing_enabled":true,"_links":{"self":[{"href":"https:\/\/nadplusencasa.com\/fr\/wp-json\/wp\/v2\/product\/1529","targetHints":{"allow":["GET"]}}],"collection":[{"href":"https:\/\/nadplusencasa.com\/fr\/wp-json\/wp\/v2\/product"}],"about":[{"href":"https:\/\/nadplusencasa.com\/fr\/wp-json\/wp\/v2\/types\/product"}],"replies":[{"embeddable":true,"href":"https:\/\/nadplusencasa.com\/fr\/wp-json\/wp\/v2\/comments?post=1529"}],"version-history":[{"count":0,"href":"https:\/\/nadplusencasa.com\/fr\/wp-json\/wp\/v2\/product\/1529\/revisions"}],"wp:featuredmedia":[{"embeddable":true,"href":"https:\/\/nadplusencasa.com\/fr\/wp-json\/wp\/v2\/media\/1447"}],"wp:attachment":[{"href":"https:\/\/nadplusencasa.com\/fr\/wp-json\/wp\/v2\/media?parent=1529"}],"wp:term":[{"taxonomy":"product_brand","embeddable":true,"href":"https:\/\/nadplusencasa.com\/fr\/wp-json\/wp\/v2\/product_brand?post=1529"},{"taxonomy":"product_cat","embeddable":true,"href":"https:\/\/nadplusencasa.com\/fr\/wp-json\/wp\/v2\/product_cat?post=1529"},{"taxonomy":"product_tag","embeddable":true,"href":"https:\/\/nadplusencasa.com\/fr\/wp-json\/wp\/v2\/product_tag?post=1529"}],"curies":[{"name":"wp","href":"https:\/\/api.w.org\/{rel}","templated":true}]}}