{"id":366,"date":"2024-02-03T11:02:04","date_gmt":"2024-02-03T11:02:04","guid":{"rendered":"https:\/\/nadplusencasa.yousuccesskenya.com\/?page_id=366"},"modified":"2025-04-13T05:11:46","modified_gmt":"2025-04-13T03:11:46","slug":"shipping-delivery","status":"publish","type":"page","link":"https:\/\/nadplusencasa.com\/fr\/shipping-delivery\/","title":{"rendered":"Exp\u00e9dition et Livraison"},"content":{"rendered":"<section class=\"boxed-content\">\n<div class=\"inner-container\">\n<h2 class=\"heading\">Exp\u00e9dition &amp; Livraison<\/h2>\n<h3 class=\"sub-heading\">Politique de Livraison<\/h3>\n<p>Cette politique d\u00e9crit nos m\u00e9thodes de livraison, d\u00e9lais et frais pour les commandes pass\u00e9es sur notre site web.<\/p>\n<ul>\n<li>Deliveries Europe-wide typically take 2\u20133 days.<\/li>\n<li>Nos esforzamos por realizar entregas oportunas, pero no podemos garantizarlas; los productos suelen enviarse dentro de los 7 d\u00edas<\/li>\n<li>Delivery times are not guaranteed. To ensure timely delivery and avoid weekend delays, orders will only be posted on Mondays, Tuesdays, and Wednesdays.<\/li>\n<li>Il est conseill\u00e9 de passer vos commandes en tenant compte de cela.<\/li>\n<li>Il est conseill\u00e9 de passer vos commandes en d\u00e9but de semaine.<\/li>\n<li>You can track your order using the provided order number on our delivery service provider\u2019s website once we have received it into our customer account.<\/li>\n<li>Les livraisons n\u00e9cessitent une signature et doivent \u00eatre re\u00e7ues en personne \u00e0 l'adresse de livraison avec une preuve d'identification. Notre prestataire de services de livraison effectuera au moins une autre tentative de livraison si la premi\u00e8re tentative \u00e9choue.<\/li>\n<li>Les produits non livr\u00e9s peuvent \u00eatre r\u00e9cup\u00e9r\u00e9s aupr\u00e8s du prestataire de services de livraison en suivant les instructions laiss\u00e9es \u00e0 votre adresse.<\/li>\n<li>Contactez-nous via notre site web pour tout probl\u00e8me de livraison<\/li>\n<li>Des frais de r\u00e9exp\u00e9dition peuvent s'appliquer si l'\u00e9chec de la livraison est d\u00fb \u00e0 votre faute (par exemple, adresse incorrecte, emplacement inaccessible ou destinataire non disponible).<\/li>\n<li>En acceptant et en signant la livraison, vous acceptez de recevoir l'article dans l'\u00e9tat o\u00f9 il a \u00e9t\u00e9 livr\u00e9, et nous ne pouvons assumer aucune responsabilit\u00e9 pour les probl\u00e8mes ult\u00e9rieurs li\u00e9s \u00e0 la perte ou aux dommages.<\/li>\n<\/ul><\/div>\n<\/section>\n<style>\n  .boxed-content {\n    padding-top: 0;\n    padding-bottom: 60px;\n    font-family: 'DM Sans', sans-serif;\n  }\n  .inner-container {\n    max-width: 1200px;\n    margin: 0 auto;\n    text-align: left;\n    box-sizing: border-box;\n  }\n  .heading,\n  .sub-heading,\n  p,\n  ul,\n  li {\n    margin: 0 0 1em 0;\n  }\n<\/style>","protected":false},"excerpt":{"rendered":"<p>Shipping &amp; Delivery Delivery Policy This policy outlines our delivery methods, timeframes, and charges for orders placed on our website. Deliveries Europe-wide typically take 2\u20133 days. We aim for timely&#8230;<\/p>","protected":false},"author":1,"featured_media":0,"parent":0,"menu_order":0,"comment_status":"closed","ping_status":"closed","template":"elementor_header_footer","meta":{"footnotes":""},"class_list":["post-366","page","type-page","status-publish"],"jetpack_sharing_enabled":true,"_links":{"self":[{"href":"https:\/\/nadplusencasa.com\/fr\/wp-json\/wp\/v2\/pages\/366","targetHints":{"allow":["GET"]}}],"collection":[{"href":"https:\/\/nadplusencasa.com\/fr\/wp-json\/wp\/v2\/pages"}],"about":[{"href":"https:\/\/nadplusencasa.com\/fr\/wp-json\/wp\/v2\/types\/page"}],"author":[{"embeddable":true,"href":"https:\/\/nadplusencasa.com\/fr\/wp-json\/wp\/v2\/users\/1"}],"replies":[{"embeddable":true,"href":"https:\/\/nadplusencasa.com\/fr\/wp-json\/wp\/v2\/comments?post=366"}],"version-history":[{"count":0,"href":"https:\/\/nadplusencasa.com\/fr\/wp-json\/wp\/v2\/pages\/366\/revisions"}],"wp:attachment":[{"href":"https:\/\/nadplusencasa.com\/fr\/wp-json\/wp\/v2\/media?parent=366"}],"curies":[{"name":"wp","href":"https:\/\/api.w.org\/{rel}","templated":true}]}}