{"id":366,"date":"2024-02-03T11:02:04","date_gmt":"2024-02-03T11:02:04","guid":{"rendered":"https:\/\/nadplusencasa.yousuccesskenya.com\/?page_id=366"},"modified":"2025-04-13T05:11:46","modified_gmt":"2025-04-13T03:11:46","slug":"shipping-delivery","status":"publish","type":"page","link":"https:\/\/nadplusencasa.com\/es\/shipping-delivery\/","title":{"rendered":"Env\u00edo y entrega"},"content":{"rendered":"<section class=\"boxed-content\">\n<div class=\"inner-container\">\n<h2 class=\"heading\">Env\u00edo y Entrega<\/h2>\n<h3 class=\"sub-heading\">Pol\u00edtica de Entrega<\/h3>\n<p>Esta pol\u00edtica describe nuestros m\u00e9todos de entrega, plazos y cargos para pedidos realizados en nuestro sitio web.<\/p>\n<ul>\n<li>Deliveries Europe-wide typically take 2\u20133 days.<\/li>\n<li>Nos esforzamos por realizar entregas oportunas, pero no podemos garantizarlas; los productos suelen enviarse dentro de los 7 d\u00edas<\/li>\n<li>Delivery times are not guaranteed. To ensure timely delivery and avoid weekend delays, orders will only be posted on Mondays, Tuesdays, and Wednesdays.<\/li>\n<li>Se recomienda realizar sus pedidos teniendo esto en cuenta.<\/li>\n<li>Es recomendable realizar sus pedidos durante la primera parte de la semana.<\/li>\n<li>You can track your order using the provided order number on our delivery service provider\u2019s website once we have received it into our customer account.<\/li>\n<li>Las entregas requieren una firma y deben ser recibidas en persona en la direcci\u00f3n de entrega con prueba de identificaci\u00f3n. Nuestro proveedor de servicios de entrega realizar\u00e1 al menos un intento m\u00e1s de entrega si el intento inicial no tiene \u00e9xito.<\/li>\n<li>Los productos no entregados pueden ser recogidos del proveedor de servicios de entrega utilizando las instrucciones dejadas en su direcci\u00f3n.<\/li>\n<li>Cont\u00e1ctenos a trav\u00e9s de nuestro sitio web para cualquier problema de entrega.<\/li>\n<li>Pueden aplicarse costos adicionales de entrega si el fallo en la entrega se debe a su culpa (por ejemplo, direcci\u00f3n incorrecta, ubicaci\u00f3n inaccesible o destinatario no disponible).<\/li>\n<li>Al aceptar y firmar la entrega, usted entra en un contrato para aceptar el art\u00edculo en su estado entregado, y no podemos asumir responsabilidad por problemas subsiguientes relacionados con p\u00e9rdida o da\u00f1o.<\/li>\n<\/ul><\/div>\n<\/section>\n<style>\n  .boxed-content {\n    padding-top: 0;\n    padding-bottom: 60px;\n    font-family: 'DM Sans', sans-serif;\n  }\n  .inner-container {\n    max-width: 1200px;\n    margin: 0 auto;\n    text-align: left;\n    box-sizing: border-box;\n  }\n  .heading,\n  .sub-heading,\n  p,\n  ul,\n  li {\n    margin: 0 0 1em 0;\n  }\n<\/style>","protected":false},"excerpt":{"rendered":"<p>Shipping &amp; Delivery Delivery Policy This policy outlines our delivery methods, timeframes, and charges for orders placed on our website. Deliveries Europe-wide typically take 2\u20133 days. We aim for timely&#8230;<\/p>","protected":false},"author":1,"featured_media":0,"parent":0,"menu_order":0,"comment_status":"closed","ping_status":"closed","template":"elementor_header_footer","meta":{"footnotes":""},"class_list":["post-366","page","type-page","status-publish"],"jetpack_sharing_enabled":true,"_links":{"self":[{"href":"https:\/\/nadplusencasa.com\/es\/wp-json\/wp\/v2\/pages\/366","targetHints":{"allow":["GET"]}}],"collection":[{"href":"https:\/\/nadplusencasa.com\/es\/wp-json\/wp\/v2\/pages"}],"about":[{"href":"https:\/\/nadplusencasa.com\/es\/wp-json\/wp\/v2\/types\/page"}],"author":[{"embeddable":true,"href":"https:\/\/nadplusencasa.com\/es\/wp-json\/wp\/v2\/users\/1"}],"replies":[{"embeddable":true,"href":"https:\/\/nadplusencasa.com\/es\/wp-json\/wp\/v2\/comments?post=366"}],"version-history":[{"count":0,"href":"https:\/\/nadplusencasa.com\/es\/wp-json\/wp\/v2\/pages\/366\/revisions"}],"wp:attachment":[{"href":"https:\/\/nadplusencasa.com\/es\/wp-json\/wp\/v2\/media?parent=366"}],"curies":[{"name":"wp","href":"https:\/\/api.w.org\/{rel}","templated":true}]}}