{"id":775,"date":"2024-03-15T14:04:41","date_gmt":"2024-03-15T14:04:41","guid":{"rendered":"https:\/\/nadplusencasa.yousuccesskenya.com\/?post_type=product&#038;p=775"},"modified":"2025-07-05T04:43:25","modified_gmt":"2025-07-05T02:43:25","slug":"nad-plus-injection-2000mg-refill-kit","status":"publish","type":"product","link":"https:\/\/nadplusencasa.com\/de\/produkt\/nad-plus-injection-2000mg-refill-kit\/","title":{"rendered":"2000mg Nad Plus En Casa Home Injection Refill Kit"},"content":{"rendered":"<p><strong>NAD+ 2000mg<\/strong><\/p>\n<p><strong>Revolutionieren Sie Ihre NAD+ -Therapie mit unserem Injektionsstiftsystem<\/strong><\/p>\n<p>Discover the future of NAD+ therapy with our innovative<a href=\"https:\/\/nadplusencasa.com\/de\/nad-injection-at-home\/\" target=\"_blank\" rel=\"noopener\"> NAD+ Home Injection Kits<\/a>. As pioneers in Europe, we\u2019re proud to offer the only injection pen system for administering NAD+, setting a new standard for convenience and efficacy. Our revolutionary injection pen system redefines convenience and ease of use, offering unparalleled benefits that enhance your therapy experience:<\/p>\n<p><strong>Hauptvorteile:<\/strong><\/p>\n<p><strong>Benutzerfreundliches Design:<\/strong>\u00a0Das schlanke und ergonomische Design unseres Injektionsstifts gew\u00e4hrleistet einen komfortablen und m\u00fchelosen Verabreichungsprozess, der sowohl f\u00fcr Anf\u00e4nger als auch f\u00fcr erfahrene Benutzer geeignet ist.<\/p>\n<p><strong>Pr\u00e4zise Dosierungskontrolle:<\/strong>\u00a0Mit unserem Injektionsstift k\u00f6nnen Sie eine pr\u00e4zise Dosierungskontrolle erreichen, um eine genaue Verabreichung der NAD+ -L\u00f6sung bei jeder Anwendung zu gew\u00e4hrleisten.<\/p>\n<p><strong>Schmerzfreies Erlebnis:<\/strong>\u00a0Sagen Sie auf Wiedersehen zu der einsch\u00fcchternden Aufgabe und dem Unbehagen, die mit herk\u00f6mmlichen Nadeln und Spritzen verbunden sind. Unser Injektionsstift verf\u00fcgt \u00fcber eine ultrafeine Nadel, die Schmerzen und Unbehagen w\u00e4hrend der Verabreichung minimiert und den Prozess viel einfacher und handhabbarer macht.<\/p>\n<p><strong>Portabilit\u00e4t und Bequemlichkeit:<\/strong>\u00a0Kompakt und tragbar ist unser Injektionsstift perfekt f\u00fcr den Gebrauch unterwegs. Egal, ob Sie auf Reisen sind oder die Therapie lieber zu Hause verabreichen, unser Injektionsstift bietet unvergleichlichen Komfort.<\/p>\n<p><strong>Umweltfreundlich:<\/strong>\u00a0Unser Injektionsstift ist mit Nachhaltigkeit im Blick entwickelt. Sein wiederverwendbares Design reduziert Abfall und f\u00f6rdert Umweltverantwortung.<\/p>\n<p><strong>Toewijding aan kwaliteit en duurzaamheid:<\/strong><\/p>\n<p>Bei Nad Plus En Casa stehen Integrit\u00e4t und Qualit\u00e4t an erster Stelle. Wir haben die Mission, hochwertige Nad+ Produkte zu erschwinglichen Preisen f\u00fcr alle anzubieten. Unser Engagement f\u00fcr Nachhaltigkeit erstreckt sich auf unsere umweltbewussten Produkte und Verpackungen, um Abfall zu minimieren und Umweltverantwortung zu f\u00f6rdern.<\/p>\n<p class=\"p1\"><b>Perfekt f\u00fcr unterwegs:<\/b><\/p>\n<p class=\"p1\">Take your NAD+ essentials with you wherever you go with our travel-friendly reusable medical-grade thermal transport container<\/p>\n<p class=\"p1\">and pen.<\/p>\n<h3 style=\"text-align: center;\">Klare Preise, transparentes Einkaufen:<\/h3>\n<p style=\"text-align: center;\">Entdecken Sie transparente Preise ohne versteckte Geb\u00fchren und express Versandkosten pro Artikel. <a href=\"https:\/\/en.wikipedia.org\/wiki\/Europe\" target=\"_blank\" rel=\"noopener\">Europa<\/a>.<\/p>\n<p class=\"p1\" style=\"text-align: center;\">Erleben Sie eine schnelle Lieferung innerhalb Europas, die je nach Standort schnell bei Ihnen ankommt.<\/p>\n<p class=\"p1\" style=\"text-align: center;\">Alle Artikel werden per Expressversand verschickt und kommen in nur 2 bis 3 Tagen innerhalb Europas per DHL an<\/p>\n<p class=\"p1\" style=\"text-align: center;\">Wir verwenden spezialisierte medizinische K\u00fchlbeh\u00e4lter, um sicherzustellen, dass Ihre Produkte sicher und bei der idealen Temperatur geliefert werden.<\/p>\n<p class=\"p1\" style=\"text-align: center;\">Wir sind bestrebt, Ihnen einen au\u00dfergew\u00f6hnlichen Service und eine Qualit\u00e4t zu bieten, auf die Sie sich verlassen k\u00f6nnen.<\/p>\n<p class=\"p1\" style=\"text-align: center;\">Alle Bestellungen werden aus unserem europ\u00e4ischen Lager verschickt, wodurch keine zus\u00e4tzlichen Importgeb\u00fchren f\u00fcr Sie anfallen.<br \/>\nSchlie\u00dfen Sie sich uns an, um eine ges\u00fcndere, gl\u00fccklichere Zukunft zu gestalten.<br \/>\nLassen Sie uns gemeinsam das Gesundbleiben vereinfachen.<\/p>\n<p>&nbsp;<\/p>\n<p>&nbsp;<\/p>\n<p style=\"text-align: center;\"><strong>BELANGRIJKE MEDEDELING:<\/strong> Diese Aussagen wurden nicht von der Food Standards Agency oder <span class=\"BxUVEf ILfuVd\" lang=\"en\"><span class=\"hgKElc\"><span tabindex=\"0\" role=\"tooltip\"><span class=\"c5aZPb\" tabindex=\"0\" role=\"button\" data-enable-toggle-animation=\"true\" data-extra-container-classes=\"ZLo7Eb\" data-hover-hide-delay=\"1000\" data-hover-open-delay=\"500\" data-send-open-event=\"true\" data-theme=\"0\" data-width=\"250\" data-ved=\"2ahUKEwi0oY70-raHAxXQSfEDHZBoCsQQmpgGegQIIRAD\"><span class=\"JPfdse\" data-bubble-link=\"\" data-segment-text=\"The European Food Safety Authority\">Die Europ\u00e4ische Beh\u00f6rde f\u00fcr Lebensmittelsicherheit<\/span><\/span><\/span><\/span><\/span>Die Produkte und Dienstleistungen des Nad Plus En Casa Home Injection Kit sind ausschlie\u00dflich zur Aufrechterhaltung und F\u00f6rderung eines gesunden Lebensstils gedacht und d\u00fcrfen nicht zur Diagnose, Heilung, Behandlung, Pr\u00e4vention oder Betreuung von Krankheiten oder Zust\u00e4nden verwendet werden. Konsultieren Sie immer einen Gesundheitsfachmann, bevor Sie ein Nahrungserg\u00e4nzungsmittel verwenden, insbesondere wenn Sie schwanger sind, stillen oder Medikamente einnehmen. \u00dcberschreiten Sie nicht die empfohlene t\u00e4gliche Dosis. Au\u00dferhalb der Reichweite von Kindern aufbewahren. Nahrungserg\u00e4nzungsmittel sollten keine abwechslungsreiche Ern\u00e4hrung und einen gesunden Lebensstil ersetzen.<\/p>\n<p style=\"text-align: center;\">","protected":false},"excerpt":{"rendered":"<p><strong>In unserem Nachf\u00fcll-Set ist ein Vorrat von 2 MONATEN NAD+ 2000mg enthalten.<\/strong><\/p>\n<p>These NAD+ 2000mg Home Kits and refills \u00a0include a two-month supply of pure, active NAD+ and the necessary equipment for subcutaneous injection, enabling you to self-administer the treatment conveniently at home.<\/p>\n<p>Wir empfehlen 1000 mg pro Monat \u00fcber subkutane Nad+-Injektionen zu Hause, um Ihr Wohlbefinden zu steigern und Ihre allgemeine Vitalit\u00e4t zu verbessern.<\/p>\n<p>&nbsp;<\/p>\n<ul>\n<li>Kassetten mit 1000 mg Nicotinamid-Adenin-Dinukleotid (NAD+), die eine einmonatige Versorgung bieten.<\/li>\n<li>32 antibakterielle T\u00fccher.<\/li>\n<li>32 Pen Nadeln<\/li>\n<li>Umfassende Anleitung<\/li>\n<\/ul>\n<p style=\"text-align: left;\">Despite the rising demand for Nad+ 2000mg as its benefits become more recognised, we remain steadfast in offering fair pricing without excessive charges<\/p>\n<div class=\"flex-col gap-1 md:gap-3\">\n<div class=\"flex flex-grow flex-col max-w-full\">\n<div class=\"min-h-[20px] text-message flex flex-col items-start whitespace-pre-wrap break-words [.text-message+&amp;]:mt-5 juice:w-full juice:items-end overflow-x-auto gap-2\" dir=\"auto\" data-message-author-role=\"assistant\" data-message-id=\"83139bbb-f06c-427d-af0b-fefb492618c1\">\n<div class=\"flex w-full flex-col gap-1 juice:empty:hidden juice:first:pt-[3px]\">\n<div class=\"markdown prose w-full break-words dark:prose-invert light\">\n<p>&nbsp;<\/p>\n<hr \/>\n<h3 style=\"text-align: center;\">Klare Preise, transparentes Einkaufen:<\/h3>\n<p style=\"text-align: center;\">Discover transparent pricing with no hidden fees and flat rate shipping costs across Europe.<\/p>\n<p style=\"text-align: center;\">Erleben Sie eine schnelle Lieferung innerhalb Europas, die je nach Standort schnell bei Ihnen ankommt.<\/p>\n<p style=\"text-align: center;\">Alle Bestellungen werden aus unserem europ\u00e4ischen Lager verschickt, wodurch keine zus\u00e4tzlichen Importgeb\u00fchren f\u00fcr Sie anfallen.<\/p>\n<p style=\"text-align: center;\">Schlie\u00dfen Sie sich uns an, um eine ges\u00fcndere, gl\u00fccklichere Zukunft zu gestalten.<\/p>\n<p style=\"text-align: center;\">Lassen Sie uns gemeinsam das Gesundbleiben vereinfachen.<\/p>\n<\/div>\n<\/div>\n<\/div>\n<\/div>\n<\/div>","protected":false},"featured_media":1637,"comment_status":"open","ping_status":"closed","template":"","meta":[],"product_brand":[],"product_cat":[22],"product_tag":[],"class_list":{"0":"post-775","1":"product","2":"type-product","3":"status-publish","4":"has-post-thumbnail","6":"product_cat-optimising-health-and-maximising-life","7":"product_shipping_class-express-shipping","9":"first","10":"instock","11":"featured","12":"purchasable","13":"product-type-simple"},"jetpack_sharing_enabled":true,"_links":{"self":[{"href":"https:\/\/nadplusencasa.com\/de\/wp-json\/wp\/v2\/product\/775","targetHints":{"allow":["GET"]}}],"collection":[{"href":"https:\/\/nadplusencasa.com\/de\/wp-json\/wp\/v2\/product"}],"about":[{"href":"https:\/\/nadplusencasa.com\/de\/wp-json\/wp\/v2\/types\/product"}],"replies":[{"embeddable":true,"href":"https:\/\/nadplusencasa.com\/de\/wp-json\/wp\/v2\/comments?post=775"}],"version-history":[{"count":0,"href":"https:\/\/nadplusencasa.com\/de\/wp-json\/wp\/v2\/product\/775\/revisions"}],"wp:featuredmedia":[{"embeddable":true,"href":"https:\/\/nadplusencasa.com\/de\/wp-json\/wp\/v2\/media\/1637"}],"wp:attachment":[{"href":"https:\/\/nadplusencasa.com\/de\/wp-json\/wp\/v2\/media?parent=775"}],"wp:term":[{"taxonomy":"product_brand","embeddable":true,"href":"https:\/\/nadplusencasa.com\/de\/wp-json\/wp\/v2\/product_brand?post=775"},{"taxonomy":"product_cat","embeddable":true,"href":"https:\/\/nadplusencasa.com\/de\/wp-json\/wp\/v2\/product_cat?post=775"},{"taxonomy":"product_tag","embeddable":true,"href":"https:\/\/nadplusencasa.com\/de\/wp-json\/wp\/v2\/product_tag?post=775"}],"curies":[{"name":"wp","href":"https:\/\/api.w.org\/{rel}","templated":true}]}}