{"id":71,"date":"2023-12-02T08:31:41","date_gmt":"2023-12-02T08:31:41","guid":{"rendered":"https:\/\/nadplusencasa.yousuccesskenya.com\/?post_type=product&#038;p=71"},"modified":"2025-09-27T19:00:35","modified_gmt":"2025-09-27T17:00:35","slug":"2000mg-nad-plus-full-home-injection-kit","status":"publish","type":"product","link":"https:\/\/nadplusencasa.com\/de\/produkt\/2000mg-nad-plus-full-home-injection-kit\/","title":{"rendered":"2000mg Nad Plus En Casa Full Home Injection Kit"},"content":{"rendered":"<h3>Revolutionieren Sie Ihre NAD+ -Therapie mit unserem Injektionsstiftsystem<\/h3>\n<p>Entdecken Sie die Zukunft der NAD+ -Therapie mit unseren innovativen NAD+ -Home-Injektionskits. Als Pioniere in Europa sind wir stolz darauf, das einzige Injektionsstiftsystem f\u00fcr die Verabreichung von NAD+ anzubieten und damit einen neuen Standard f\u00fcr Bequemlichkeit und Wirksamkeit zu setzen. Unser revolution\u00e4res Injektionsstiftsystem definiert Bequemlichkeit und Benutzerfreundlichkeit neu und bietet unvergleichliche Vorteile, die Ihre Therapieerfahrung verbessern:<\/p>\n<h3>Hauptvorteile:<\/h3>\n<h3>Benutzerfreundliches Design:<\/h3>\n<p>Das schlanke und ergonomische Design unseres Injektionsstifts gew\u00e4hrleistet einen komfortablen und m\u00fchelosen Verabreichungsprozess, der sowohl f\u00fcr Anf\u00e4nger als auch f\u00fcr erfahrene Benutzer geeignet ist.<\/p>\n<h3>Pr\u00e4zise Dosierungskontrolle:<\/h3>\n<p>Mit unserem Injektionsstift k\u00f6nnen Sie eine pr\u00e4zise Dosierungskontrolle erreichen, um eine genaue Verabreichung der NAD+ -L\u00f6sung bei jeder Anwendung zu gew\u00e4hrleisten.<\/p>\n<h3>Schmerzfreies Erlebnis:<\/h3>\n<p>Sagen Sie auf Wiedersehen zu der einsch\u00fcchternden Aufgabe und dem Unbehagen, die mit herk\u00f6mmlichen Nadeln und Spritzen verbunden sind. Unser Injektionsstift verf\u00fcgt \u00fcber eine ultrafeine Nadel, die Schmerzen und Unbehagen w\u00e4hrend der Verabreichung minimiert und den Prozess viel einfacher und handhabbarer macht.<\/p>\n<h3>Portabilit\u00e4t und Bequemlichkeit:<\/h3>\n<p>Kompakt und tragbar ist unser Injektionsstift perfekt f\u00fcr die Verwendung unterwegs geeignet. Ob Sie auf Reisen sind oder die Therapie lieber zu Hause durchf\u00fchren m\u00f6chten, unser Injektionsstift bietet un\u00fcbertroffene Bequemlichkeit.<\/p>\n<h3>Umweltfreundlich:<\/h3>\n<p>Unser Injektionsstift ist mit Nachhaltigkeit im Blick entwickelt. Sein wiederverwendbares Design reduziert Abfall und f\u00f6rdert Umweltverantwortung.<\/p>\n<h3>Toewijding aan kwaliteit en duurzaamheid:<\/h3>\n<p>Bei Nad Plus En Casa stehen Integrit\u00e4t und Qualit\u00e4t an erster Stelle. Wir haben uns zum Ziel gesetzt, hochwertige Nad+ Produkte zu erschwinglichen Preisen f\u00fcr alle anzubieten. Unser Engagement f\u00fcr Nachhaltigkeit erstreckt sich auf unsere umweltbewussten Produkte und Verpackungen, um Abfall zu minimieren und Umweltverantwortung zu f\u00f6rdern.<\/p>\n<h3>Perfekt f\u00fcr unterwegs:<\/h3>\n<p>Take your NAD+ essentials with you wherever you go with our travel-friendly reusable medical-grade thermal transport container<\/p>\n<p>and pen.<\/p>\n<h3>Vorteile des Abonnements:<\/h3>\n<p>Erleben Sie nahtlosen Zugang zur NAD+ Therapie mit geplanten Lieferungen als Prioritised-Mitglied. Im Gegensatz zu anderen Abonnementdiensten planen wir keine Zahlungen, sodass Sie die volle Kontrolle \u00fcber Ihre Wellness-Reise haben. Verwalten Sie Ihr Abonnement einfach, um Ihr Wohlbefinden zu priorisieren.<\/p>\n<h3 style=\"text-align: center;\">Klare Preise, transparentes Einkaufen:<\/h3>\n<p style=\"text-align: center;\">Discover transparent pricing with no hidden fees and express rate shipping costs per item across Europe.<\/p>\n<p style=\"text-align: center;\">Erleben Sie eine schnelle Lieferung innerhalb Europas, die je nach Standort schnell bei Ihnen ankommt.<\/p>\n<p style=\"text-align: center;\">Alle Artikel werden per Expressversand verschickt und kommen in nur 2 bis 3 Tagen innerhalb Europas per DHL an<\/p>\n<p style=\"text-align: center;\">Wir verwenden spezialisierte medizinische K\u00fchlbeh\u00e4lter, um sicherzustellen, dass Ihre Produkte sicher und bei der idealen Temperatur geliefert werden.<\/p>\n<p style=\"text-align: center;\">Wir sind bestrebt, Ihnen einen au\u00dfergew\u00f6hnlichen Service und eine Qualit\u00e4t zu bieten, auf die Sie sich verlassen k\u00f6nnen.<\/p>\n<p style=\"text-align: center;\">Alle Bestellungen werden aus unserem europ\u00e4ischen Lager verschickt, wodurch keine zus\u00e4tzlichen Importgeb\u00fchren f\u00fcr Sie anfallen.<\/p>\n<h3 style=\"text-align: center;\">Schlie\u00dfen Sie sich uns an, um eine ges\u00fcndere, gl\u00fccklichere Zukunft zu gestalten.<br \/>\nLassen Sie uns gemeinsam das Gesundbleiben vereinfachen.<\/h3>\n<p><strong>BELANGRIJKE MEDEDELING:<\/strong> These statements have not been evaluated by the Food Standards Agency or The European Food Safety Authority. The Nad Plus En Casa Home Injection Kit products and services are intended only for maintaining and encouraging a healthy lifestyle and are not to be used for diagnosis, cure, management, prevention, or treatment of any disease or condition. Always consult a healthcare professional before using any dietary supplement, particularly if pregnant, breastfeeding, or on medication. Do not exceed the recommended daily dose. Keep away from children. Supplements should not replace a varied diet and healthy lifestyle.<\/p>","protected":false},"excerpt":{"rendered":"<h3 style=\"text-align: left;\">NAD+ 2000mg Home Injection Kit<\/h3>\n<p style=\"text-align: left;\">Introducing the Nad Plus En Casa Home Injection Kit: a cutting-edge solution meticulously crafted for maximum absorption, ensuring unparalleled performance and well-being in the convenience of your own home. Offering a versatile alternative to traditional NAD IV drips, our Nad Plus En Casa Home Injection Kit provides flexibility in delivering optimal well-being solutions directly to your home.<\/p>\n<h4 style=\"text-align: left;\">Jedes Nad Plus En Casa Home Injection Kit enth\u00e4lt:<\/h4>\n<ul style=\"text-align: left;\">\n<li>2000 mg Nicotinamid-Adenin-Dinukleotid (NAD+). Vorrat f\u00fcr 2 Monate.<\/li>\n<li>32 antibakterielle T\u00fccher.<\/li>\n<li>32 Pen Nadeln<\/li>\n<li>1 x Abwurfbeh\u00e4lter f\u00fcr scharfe Gegenst\u00e4nde (zur Entsorgung benutzter Nadeln). Ein Abwurfbeh\u00e4lter f\u00fcr scharfe Gegenst\u00e4nde fasst 120 Pen-Nadeln.<\/li>\n<li>Schlanker und wiederverwendbarer Injektionsstift f\u00fcr eine einfache Anwendung.<\/li>\n<li>Umfassende Anleitung<\/li>\n<\/ul>\n<p style=\"text-align: left;\">Umweltbewusstes Design, minimiert Abfall mit wiederverwendbaren Komponenten.<\/p>\n<p style=\"text-align: left;\">Erleben Sie die Vorteile von<a href=\"https:\/\/nadplusencasa.com\/de\/nad-and-ageing-how-supplementation-may-slow-the-effects-of-time\/\" target=\"_blank\" rel=\"noopener\"> NAD+ aanvulling<\/a> mit Praktikabilit\u00e4t und Nachhaltigkeit<\/p>\n<p style=\"text-align: left;\">Ondanks de toenemende vraag naar Nad+ naarmate de voordelen ervan meer erkend worden, blijven we standvastig in het aanbieden van eerlijke prijzen zonder buitensporige kosten.<\/p>\n<h3 style=\"text-align: center;\">Klare Preise, transparentes Einkaufen:<\/h3>\n<p style=\"text-align: center;\">Discover transparent pricing with no hidden fees and express rate shipping costs per item across Europe.<\/p>\n<p class=\"p1\" style=\"text-align: center;\">Erleben Sie eine schnelle Lieferung innerhalb Europas, die je nach Standort schnell bei Ihnen ankommt.<\/p>\n<p class=\"p1\" style=\"text-align: center;\">All items are fast-track shipped and arrive in just 2 to 3 days within Europe via <a href=\"https:\/\/www.dhl.com\/us-en\/home.html\" target=\"_blank\" rel=\"noopener\">DHL<\/a><\/p>\n<p class=\"p1\" style=\"text-align: center;\">Wir verwenden spezialisierte medizinische K\u00fchlbeh\u00e4lter, um sicherzustellen, dass Ihre Produkte sicher und bei der idealen Temperatur geliefert werden.<\/p>\n<p class=\"p1\" style=\"text-align: center;\">Wir sind bestrebt, Ihnen einen au\u00dfergew\u00f6hnlichen Service und eine Qualit\u00e4t zu bieten, auf die Sie sich verlassen k\u00f6nnen.<\/p>\n<p class=\"p1\" style=\"text-align: center;\">Alle Bestellungen werden aus unserem europ\u00e4ischen Lager verschickt, wodurch keine zus\u00e4tzlichen Importgeb\u00fchren f\u00fcr Sie anfallen.<\/p>\n<p class=\"p1\" style=\"text-align: center;\">Schlie\u00dfen Sie sich uns an, um eine ges\u00fcndere, gl\u00fccklichere Zukunft zu gestalten.<br \/>\nLassen Sie uns gemeinsam das Gesundbleiben vereinfachen.<\/p>","protected":false},"featured_media":1636,"comment_status":"open","ping_status":"closed","template":"","meta":[],"product_brand":[],"product_cat":[22],"product_tag":[],"class_list":{"0":"post-71","1":"product","2":"type-product","3":"status-publish","4":"has-post-thumbnail","6":"product_cat-optimising-health-and-maximising-life","7":"product_shipping_class-express-shipping","9":"first","10":"instock","11":"featured","12":"purchasable","13":"product-type-simple"},"jetpack_sharing_enabled":true,"_links":{"self":[{"href":"https:\/\/nadplusencasa.com\/de\/wp-json\/wp\/v2\/product\/71","targetHints":{"allow":["GET"]}}],"collection":[{"href":"https:\/\/nadplusencasa.com\/de\/wp-json\/wp\/v2\/product"}],"about":[{"href":"https:\/\/nadplusencasa.com\/de\/wp-json\/wp\/v2\/types\/product"}],"replies":[{"embeddable":true,"href":"https:\/\/nadplusencasa.com\/de\/wp-json\/wp\/v2\/comments?post=71"}],"version-history":[{"count":1,"href":"https:\/\/nadplusencasa.com\/de\/wp-json\/wp\/v2\/product\/71\/revisions"}],"predecessor-version":[{"id":3155,"href":"https:\/\/nadplusencasa.com\/de\/wp-json\/wp\/v2\/product\/71\/revisions\/3155"}],"wp:featuredmedia":[{"embeddable":true,"href":"https:\/\/nadplusencasa.com\/de\/wp-json\/wp\/v2\/media\/1636"}],"wp:attachment":[{"href":"https:\/\/nadplusencasa.com\/de\/wp-json\/wp\/v2\/media?parent=71"}],"wp:term":[{"taxonomy":"product_brand","embeddable":true,"href":"https:\/\/nadplusencasa.com\/de\/wp-json\/wp\/v2\/product_brand?post=71"},{"taxonomy":"product_cat","embeddable":true,"href":"https:\/\/nadplusencasa.com\/de\/wp-json\/wp\/v2\/product_cat?post=71"},{"taxonomy":"product_tag","embeddable":true,"href":"https:\/\/nadplusencasa.com\/de\/wp-json\/wp\/v2\/product_tag?post=71"}],"curies":[{"name":"wp","href":"https:\/\/api.w.org\/{rel}","templated":true}]}}