{"id":1529,"date":"2024-11-05T22:48:02","date_gmt":"2024-11-05T21:48:02","guid":{"rendered":"https:\/\/nadplusencasa.yousuccesskenya.com\/?post_type=product&#038;p=1529"},"modified":"2025-05-19T17:48:38","modified_gmt":"2025-05-19T15:48:38","slug":"sleek-and-reusable-injection-pen-for-easy-administration","status":"publish","type":"product","link":"https:\/\/nadplusencasa.com\/de\/produkt\/sleek-and-reusable-injection-pen-for-easy-administration\/","title":{"rendered":"Schlanker und wiederverwendbarer Injektionsstift f\u00fcr eine einfache Anwendung."},"content":{"rendered":"<h3>Precise Sleek and reusable injection pen for easy administration for NAD+ Delivery \u2013 \u20ac48.99<\/h3>\n<div class=\"flex max-w-full flex-col flex-grow\">\n<div class=\"min-h-8 text-message flex w-full flex-col items-end gap-2 whitespace-normal break-words [.text-message+&amp;]:mt-5\" dir=\"auto\" data-message-author-role=\"assistant\" data-message-id=\"e565b977-8313-41ee-94d5-05715271dec0\">\n<div class=\"flex w-full flex-col gap-1 empty:hidden first:pt-[3px]\">\n<p>Erh\u00f6hen Sie Ihre NAD+-Therapie mit unserem <strong>Pr\u00e4ziser Injektor-Stift<\/strong>, speziell entwickelt f\u00fcr die genaue und bequeme Verabreichung von <strong>Nicotinamide Adenine Dinucleotide (NAD+)<\/strong>. Entwickelt sowohl f\u00fcr Erstnutzer als auch f\u00fcr erfahrene NAD+-Therapie-Enthusiasten, stellt dieser Stift sicher <strong>konstante, zuverl\u00e4ssige und pr\u00e4zise Dosierung<\/strong> bei jeder Anwendung.<\/p>\n<p>Egal, ob Sie Ihr Wohlbefinden verbessern, die Auswirkungen des Alterns bek\u00e4mpfen oder Ihre allgemeine Vitalit\u00e4t unterst\u00fctzen m\u00f6chten, unser <strong>Pr\u00e4ziser Injektor-Stift<\/strong> macht die Verabreichung der NAD+-Therapie zu Hause m\u00fchelos, bequem und kosteng\u00fcnstig.<\/p>\n<h4><strong>Key Features:<\/strong><\/h4>\n<ul>\n<li style=\"list-style-type: none;\">\n<ul>\n<li><strong>Precision Dosing<\/strong>: Our insulin pen delivers <strong>precise doses of NAD+<\/strong> with every administration. No more guessing or measuring\u2014simply dial the dosage and inject for reliable, consistent results.<\/li>\n<li><strong>Easy to Use<\/strong>: The <strong>ergonomic design<\/strong> ensures that administering your NAD+ therapy is simple and comfortable. It\u2019s a user-friendly tool that suits both beginners and seasoned users, making it perfect for anyone looking to experience the benefits of NAD+.<\/li>\n<li><strong>Versatile &amp; Compatible<\/strong>: This pen is designed for use with <strong>NAD+ cartridges<\/strong> and is fully compatible with standard insulin pen needles, providing a versatile solution for your NAD+ treatment needs.<\/li>\n<li><strong>Compact and Portable<\/strong>: With its <strong>slim and sleek design<\/strong>, this pen is perfect for use at home or on the go. It\u2019s <strong>lightweight and easy to carry<\/strong>, ensuring that you can take your NAD+ therapy wherever life takes you.<\/li>\n<li><strong>Affordable Quality<\/strong>: Priced at just <strong>\u20ac48.99<\/strong>\u00a0our <strong>Pr\u00e4ziser Injektor-Stift<\/strong> delivers exceptional quality and performance without breaking the bank. Get the precise, reliable dosing you need at a price that suits your budget.<\/li>\n<\/ul>\n<\/li>\n<\/ul>\n<\/div>\n<\/div>\n<\/div>","protected":false},"excerpt":{"rendered":"<h4><strong>Warum unseren pr\u00e4zisen Injektor-Stift w\u00e4hlen?<\/strong><\/h4>\n<ul>\n<li><strong>Genau dosiert<\/strong>: Genie\u00dfen Sie die Sicherheit, dass Sie die genaue Dosis erhalten, die f\u00fcr optimale NAD+-Therapieergebnisse erforderlich ist. Die pr\u00e4zise Dosiskontrolle eliminiert das Risiko von Unter- oder \u00dcberdosierung und gew\u00e4hrleistet Sicherheit und Effektivit\u00e4t.<\/li>\n<li><strong>Kosteneffektiv<\/strong>Bei <strong>\u20ac48.99<\/strong>: Bei uns bietet unser Insulinpen ein ausgezeichnetes Preis-Leistungs-Verh\u00e4ltnis und liefert Ihnen eine zuverl\u00e4ssige und effiziente Methode zur NAD+-Verabreichung zu einem erschwinglichen Preis.<\/li>\n<li><strong>Bequemlichkeit und Komfort<\/strong>: Egal, ob Sie Ihre Therapie zu Hause oder unterwegs verabreichen, unser Pen bietet <strong>Komfort<\/strong> &amp; <strong>Bequemlichkeit<\/strong> in een <strong>kompakte, benutzerfreundliche Gestaltung<\/strong>.<\/li>\n<li><strong>Vertrauensw\u00fcrdiges Design<\/strong>: Der Stift ist mit ... entworfen <strong>Qualit\u00e4t und Zuverl\u00e4ssigkeit<\/strong> : mit Qualit\u00e4t im Hinterkopf, entwickelt f\u00fcr den regelm\u00e4\u00dfigen Gebrauch und designed, um dir die besten Ergebnisse aus deiner NAD+ Behandlung zu verschaffen.<\/li>\n<\/ul>\n<h4><strong>Was ist enthalten:<\/strong><\/h4>\n<ul>\n<li>1 x <strong>Precieze injectiepen<\/strong><\/li>\n<li><strong>Compatible with NAD+ Cartridges<\/strong> (Separat erh\u00e4ltlich)<\/li>\n<li>Einfache Anweisungen f\u00fcr eine einfache Einrichtung und Verwendung<\/li>\n<\/ul>","protected":false},"featured_media":1447,"comment_status":"open","ping_status":"closed","template":"","meta":[],"product_brand":[],"product_cat":[22],"product_tag":[],"class_list":{"0":"post-1529","1":"product","2":"type-product","3":"status-publish","4":"has-post-thumbnail","6":"product_cat-optimising-health-and-maximising-life","7":"product_shipping_class-reusable-pen","9":"first","10":"instock","11":"featured","12":"purchasable","13":"product-type-simple"},"jetpack_sharing_enabled":true,"_links":{"self":[{"href":"https:\/\/nadplusencasa.com\/de\/wp-json\/wp\/v2\/product\/1529","targetHints":{"allow":["GET"]}}],"collection":[{"href":"https:\/\/nadplusencasa.com\/de\/wp-json\/wp\/v2\/product"}],"about":[{"href":"https:\/\/nadplusencasa.com\/de\/wp-json\/wp\/v2\/types\/product"}],"replies":[{"embeddable":true,"href":"https:\/\/nadplusencasa.com\/de\/wp-json\/wp\/v2\/comments?post=1529"}],"version-history":[{"count":0,"href":"https:\/\/nadplusencasa.com\/de\/wp-json\/wp\/v2\/product\/1529\/revisions"}],"wp:featuredmedia":[{"embeddable":true,"href":"https:\/\/nadplusencasa.com\/de\/wp-json\/wp\/v2\/media\/1447"}],"wp:attachment":[{"href":"https:\/\/nadplusencasa.com\/de\/wp-json\/wp\/v2\/media?parent=1529"}],"wp:term":[{"taxonomy":"product_brand","embeddable":true,"href":"https:\/\/nadplusencasa.com\/de\/wp-json\/wp\/v2\/product_brand?post=1529"},{"taxonomy":"product_cat","embeddable":true,"href":"https:\/\/nadplusencasa.com\/de\/wp-json\/wp\/v2\/product_cat?post=1529"},{"taxonomy":"product_tag","embeddable":true,"href":"https:\/\/nadplusencasa.com\/de\/wp-json\/wp\/v2\/product_tag?post=1529"}],"curies":[{"name":"wp","href":"https:\/\/api.w.org\/{rel}","templated":true}]}}