{"id":1317,"date":"2024-06-30T14:10:42","date_gmt":"2024-06-30T12:10:42","guid":{"rendered":"https:\/\/nadplusencasa.yousuccesskenya.com\/?post_type=product&#038;p=1317"},"modified":"2025-09-27T18:59:36","modified_gmt":"2025-09-27T16:59:36","slug":"1000mg-nad-plus-full-home-injection-kit","status":"publish","type":"product","link":"https:\/\/nadplusencasa.com\/de\/produkt\/1000mg-nad-plus-full-home-injection-kit\/","title":{"rendered":"1000mg NAD+ En Casa Komplettes Heim-Injektionskit"},"content":{"rendered":"<p class=\"p1\"><b>Revolutionieren Sie Ihre NAD+ -Therapie mit unserem Injektionsstiftsystem<\/b><\/p>\n<p class=\"p1\">Entdecken Sie die Zukunft der NAD+-Therapie mit unseren innovativen NAD+ Home-Injektionskits. Als Pioniere in Europa sind wir stolz darauf, das einzige Injektionsstiftsystem zur Verabreichung von NAD+ anzubieten und damit einen neuen Standard f\u00fcr Bequemlichkeit und Wirksamkeit zu setzen. Unser revolution\u00e4res Injektionsstiftsystem definiert Bequemlichkeit und Benutzerfreundlichkeit neu und bietet unvergleichliche Vorteile, die Ihre Therapieerfahrung verbessern.<\/p>\n<p class=\"p1\"><b>Hauptvorteile:<\/b><\/p>\n<p class=\"p1\"><b>Benutzerfreundliches Design:<\/b>\u00a0Das schlanke und ergonomische Design unseres Injektionsstifts gew\u00e4hrleistet einen komfortablen und m\u00fchelosen Verabreichungsprozess, der sowohl f\u00fcr Anf\u00e4nger als auch f\u00fcr erfahrene Benutzer geeignet ist.<\/p>\n<p class=\"p1\"><b>Pr\u00e4zise Dosierungskontrolle:<\/b>\u00a0Mit unserem Injektionsstift k\u00f6nnen Sie eine pr\u00e4zise Dosierungskontrolle erreichen, um eine genaue Verabreichung der NAD+ -L\u00f6sung bei jeder Anwendung zu gew\u00e4hrleisten.<\/p>\n<p class=\"p1\"><b>Schmerzfreies Erlebnis:<\/b>\u00a0Sagen Sie auf Wiedersehen zu der einsch\u00fcchternden Aufgabe und dem Unbehagen, die mit herk\u00f6mmlichen Nadeln und Spritzen verbunden sind. Unser Injektionsstift verf\u00fcgt \u00fcber eine ultrafeine Nadel, die Schmerzen und Unbehagen w\u00e4hrend der Verabreichung minimiert und den Prozess viel einfacher und handhabbarer macht.<\/p>\n<p class=\"p1\"><b>Portabilit\u00e4t und Bequemlichkeit:<\/b>\u00a0Kompakt und tragbar ist unser Injektionsstift perfekt f\u00fcr den Gebrauch unterwegs. Egal, ob Sie auf Reisen sind oder die Therapie lieber zu Hause verabreichen, unser Injektionsstift bietet unvergleichlichen Komfort.<\/p>\n<p class=\"p1\"><b>Umweltfreundlich:<\/b>\u00a0Unser Injektionsstift ist mit Nachhaltigkeit im Blick entwickelt. Sein wiederverwendbares Design reduziert Abfall und f\u00f6rdert Umweltverantwortung.<\/p>\n<p class=\"p1\"><b>Toewijding aan kwaliteit en duurzaamheid:<\/b><\/p>\n<p class=\"p1\">At <a href=\"https:\/\/nadplusencasa.com\/de\/\" target=\"_blank\" rel=\"noopener\">Nad Plus En Casa<\/a>, integrity and quality are paramount. We\u2019re on a mission to offer premium Nad+ products at accessible prices for everyone. Our commitment to sustainability extends to our eco-conscious products and packaging, minimising waste and promoting environmental stewardship.<\/p>\n<p class=\"p2\"><strong>Perfekt f\u00fcr unterwegs:<\/strong><br \/>\nNehmen Sie Ihre NAD+-Wesentlichen \u00fcberall mit, wo Sie hingehen, mit unserem reisefreundlichen, wiederverwendbaren, medizinischen Thermospeicherbeh\u00e4lter und Stift.<\/p>\n<p class=\"p2\" style=\"text-align: center;\"><b>Transparente Eink\u00e4ufe:<\/b><\/p>\n<p style=\"text-align: center;\">Entdecken Sie transparente Preise ohne versteckte Geb\u00fchren und Expressversand in ganz Europa.<\/p>\n<p style=\"text-align: center;\">Erleben Sie eine schnelle Lieferung innerhalb Europas, die je nach Standort schnell bei Ihnen ankommt.<\/p>\n<p class=\"p3\" style=\"text-align: center;\">Alle Bestellungen werden aus unserem europ\u00e4ischen Lager verschickt, wodurch keine zus\u00e4tzlichen Importgeb\u00fchren f\u00fcr Sie anfallen.<\/p>\n<p class=\"p3\" style=\"text-align: center;\">Schlie\u00dfen Sie sich uns an, um eine ges\u00fcndere, gl\u00fccklichere Zukunft zu gestalten.<\/p>\n<p class=\"p3\" style=\"text-align: center;\">Lassen Sie uns gemeinsam das Gesundbleiben vereinfachen.<\/p>\n<p class=\"p1\">WICHTIGER HAFTUNGSAUSSCHLUSS: Diese Aussagen wurden nicht von der Food Standards Agency oder der Europ\u00e4ischen Beh\u00f6rde f\u00fcr Lebensmittelsicherheit bewertet. Die Nad Plus En Casa Home Injection Kit Produkte und Dienstleistungen dienen ausschlie\u00dflich der Aufrechterhaltung und F\u00f6rderung eines gesunden Lebensstils und d\u00fcrfen nicht verwendet werden f\u00fcr <a href=\"https:\/\/en.wikipedia.org\/wiki\/Diagnosis\" target=\"_blank\" rel=\"noopener\">diagnosis<\/a>, cure, management, prevention, or treatment of any disease or condition. Always consult a healthcare professional before using any dietary supplement, particularly if pregnant, breastfeeding, or on medication. Do not exceed the recommended daily dose. Keep away from children. Supplements should not replace a varied diet and healthy lifestyle.<\/p>\n<h6 style=\"text-align: center;\"><\/h6>","protected":false},"excerpt":{"rendered":"<p class=\"p1\"><strong>1000mg\u00a0 NAD+ Home Injection Kit<\/strong><\/p>\n<p class=\"p2\">Vorstellung des Nad Plus En Casa Home Kit: eine hochmoderne L\u00f6sung, sorgf\u00e4ltig entwickelt f\u00fcr maximale Absorption, garantiert beispiellose Leistung und Wohlbefinden im eigenen Zuhause. Als vielseitige Alternative zu herk\u00f6mmlichen NAD IV-Tropfen, bietet unser Nad Plus En Casa Home Injection Kit Flexibilit\u00e4t bei der Bereitstellung optimaler Wohlbefindensl\u00f6sungen direkt zu Ihnen nach Hause.<\/p>\n<h3 class=\"p2\">Jedes Nad Plus En Casa Home Injection Kit enth\u00e4lt:<\/h3>\n<ul class=\"ul1\">\n<li class=\"li2\">1000mg Nicotinamide Adenine Dinucleotide (NAD+). Maandvoorraad<\/li>\n<li class=\"li2\">16 antibakterielle T\u00fccher<\/li>\n<li class=\"li2\">16 Pen-Nadeln<\/li>\n<li class=\"li2\">1 x Abwurfbeh\u00e4lter f\u00fcr scharfe Gegenst\u00e4nde (zur Entsorgung benutzter Nadeln). Ein Abwurfbeh\u00e4lter f\u00fcr scharfe Gegenst\u00e4nde fasst 120 Pen-Nadeln.<\/li>\n<li class=\"li2\">Schlanker und wiederverwendbarer Injektionsstift f\u00fcr eine einfache Anwendung.<\/li>\n<li class=\"li2\">Umfassende Anleitung<\/li>\n<\/ul>\n<p class=\"p2\">Umweltbewusstes Design, minimiert Abfall mit wiederverwendbaren Komponenten.<\/p>\n<p class=\"p2\">Erleben Sie die Vorteile der NAD+ -Supplementation mit Praktikabilit\u00e4t und Nachhaltigkeit.<\/p>\n<p class=\"p2\">Ondanks de toenemende vraag naar Nad+ naarmate de voordelen ervan meer erkend worden, blijven we standvastig in het aanbieden van eerlijke prijzen zonder buitensporige kosten.<\/p>\n<h3 style=\"text-align: center;\">Klare Preise, transparentes Einkaufen:<\/h3>\n<p style=\"text-align: center;\">Entdecken Sie transparente Preise ohne versteckte Geb\u00fchren und express Versandkosten pro Artikel. <a href=\"https:\/\/en.wikipedia.org\/wiki\/Europe\" target=\"_blank\" rel=\"noopener\">Europa<\/a>.<\/p>\n<p style=\"text-align: center;\">Erleben Sie eine schnelle Lieferung innerhalb Europas, die je nach Standort schnell bei Ihnen ankommt.<\/p>\n<p style=\"text-align: center;\">Alle Artikel werden per Expressversand verschickt und kommen in nur 2 bis 3 Tagen innerhalb Europas per DHL an<\/p>\n<p style=\"text-align: center;\">Wir verwenden spezialisierte medizinische K\u00fchlbeh\u00e4lter, um sicherzustellen, dass Ihre Produkte sicher und bei der idealen Temperatur geliefert werden.<\/p>\n<p style=\"text-align: center;\">Wir sind bestrebt, Ihnen einen au\u00dfergew\u00f6hnlichen Service und eine Qualit\u00e4t zu bieten, auf die Sie sich verlassen k\u00f6nnen.<\/p>\n<p class=\"p4\" style=\"text-align: center;\">Alle Bestellungen werden aus unserem europ\u00e4ischen Lager verschickt, wodurch keine zus\u00e4tzlichen Importgeb\u00fchren f\u00fcr Sie anfallen.<br \/>\nSchlie\u00dfen Sie sich uns an, um eine ges\u00fcndere, gl\u00fccklichere Zukunft zu gestalten.<br \/>\nLassen Sie uns gemeinsam das Gesundbleiben vereinfachen.<\/p>","protected":false},"featured_media":1636,"comment_status":"open","ping_status":"closed","template":"","meta":[],"product_brand":[],"product_cat":[22],"product_tag":[],"class_list":{"0":"post-1317","1":"product","2":"type-product","3":"status-publish","4":"has-post-thumbnail","6":"product_cat-optimising-health-and-maximising-life","7":"product_shipping_class-express-shipping","9":"first","10":"instock","11":"featured","12":"purchasable","13":"product-type-simple"},"jetpack_sharing_enabled":true,"_links":{"self":[{"href":"https:\/\/nadplusencasa.com\/de\/wp-json\/wp\/v2\/product\/1317","targetHints":{"allow":["GET"]}}],"collection":[{"href":"https:\/\/nadplusencasa.com\/de\/wp-json\/wp\/v2\/product"}],"about":[{"href":"https:\/\/nadplusencasa.com\/de\/wp-json\/wp\/v2\/types\/product"}],"replies":[{"embeddable":true,"href":"https:\/\/nadplusencasa.com\/de\/wp-json\/wp\/v2\/comments?post=1317"}],"version-history":[{"count":1,"href":"https:\/\/nadplusencasa.com\/de\/wp-json\/wp\/v2\/product\/1317\/revisions"}],"predecessor-version":[{"id":3154,"href":"https:\/\/nadplusencasa.com\/de\/wp-json\/wp\/v2\/product\/1317\/revisions\/3154"}],"wp:featuredmedia":[{"embeddable":true,"href":"https:\/\/nadplusencasa.com\/de\/wp-json\/wp\/v2\/media\/1636"}],"wp:attachment":[{"href":"https:\/\/nadplusencasa.com\/de\/wp-json\/wp\/v2\/media?parent=1317"}],"wp:term":[{"taxonomy":"product_brand","embeddable":true,"href":"https:\/\/nadplusencasa.com\/de\/wp-json\/wp\/v2\/product_brand?post=1317"},{"taxonomy":"product_cat","embeddable":true,"href":"https:\/\/nadplusencasa.com\/de\/wp-json\/wp\/v2\/product_cat?post=1317"},{"taxonomy":"product_tag","embeddable":true,"href":"https:\/\/nadplusencasa.com\/de\/wp-json\/wp\/v2\/product_tag?post=1317"}],"curies":[{"name":"wp","href":"https:\/\/api.w.org\/{rel}","templated":true}]}}