{"id":366,"date":"2024-02-03T11:02:04","date_gmt":"2024-02-03T11:02:04","guid":{"rendered":"https:\/\/nadplusencasa.yousuccesskenya.com\/?page_id=366"},"modified":"2025-04-13T05:11:46","modified_gmt":"2025-04-13T03:11:46","slug":"shipping-delivery","status":"publish","type":"page","link":"https:\/\/nadplusencasa.com\/de\/shipping-delivery\/","title":{"rendered":"Versand und Lieferung"},"content":{"rendered":"<section class=\"boxed-content\">\n<div class=\"inner-container\">\n<h2 class=\"heading\">Versand &amp; Lieferung<\/h2>\n<h3 class=\"sub-heading\">Lieferpolitik<\/h3>\n<p>Diese Richtlinie umrei\u00dft unsere Liefermethoden, Zeitrahmen und Geb\u00fchren f\u00fcr Bestellungen, die auf unserer Website aufgegeben werden.<\/p>\n<ul>\n<li>Deliveries Europe-wide typically take 2\u20133 days.<\/li>\n<li>Wir streben eine zeitnahe Lieferung an, k\u00f6nnen sie jedoch nicht garantieren; Produkte werden in der Regel innerhalb von 7 Tagen versandt<\/li>\n<li>Delivery times are not guaranteed. To ensure timely delivery and avoid weekend delays, orders will only be posted on Mondays, Tuesdays, and Wednesdays.<\/li>\n<li>Het is raadzaam om bij het plaatsen van uw bestellingen hiermee rekening te houden.<\/li>\n<li>Es ist ratsam, Ihre Bestellungen zu Beginn der Woche aufzugeben.<\/li>\n<li>You can track your order using the provided order number on our delivery service provider\u2019s website once we have received it into our customer account.<\/li>\n<li>Lieferungen erfordern eine Unterschrift und m\u00fcssen pers\u00f6nlich an der Lieferadresse mit einem Identit\u00e4tsnachweis empfangen werden. Unser Lieferdienstleister wird mindestens einen weiteren Zustellversuch unternehmen, wenn der erste Versuch erfolglos war.<\/li>\n<li>Nicht zugestellte Produkte k\u00f6nnen beim Zustelldienstleister anhand der Anweisungen abgeholt werden, die an Ihrer Adresse hinterlassen wurden.<\/li>\n<li>Kontaktieren Sie uns \u00fcber unsere Website bei Problemen mit der Lieferung.<\/li>\n<li>Es k\u00f6nnen erneute Zustellkosten anfallen, wenn das Nichtzustellen auf Ihr Verschulden zur\u00fcckzuf\u00fchren ist (z.B. falsche Adresse, unzug\u00e4nglicher Standort oder nicht verf\u00fcgbarer Empf\u00e4nger).<\/li>\n<li>Durch die Annahme und Unterzeichnung der Lieferung gehen Sie einen Vertrag ein, um den Artikel in seinem gelieferten Zustand anzunehmen, und wir k\u00f6nnen keine Haftung f\u00fcr nachfolgende Probleme im Zusammenhang mit Verlust oder Besch\u00e4digung \u00fcbernehmen.<\/li>\n<\/ul><\/div>\n<\/section>\n<style>\n  .boxed-content {\n    padding-top: 0;\n    padding-bottom: 60px;\n    font-family: 'DM Sans', sans-serif;\n  }\n  .inner-container {\n    max-width: 1200px;\n    margin: 0 auto;\n    text-align: left;\n    box-sizing: border-box;\n  }\n  .heading,\n  .sub-heading,\n  p,\n  ul,\n  li {\n    margin: 0 0 1em 0;\n  }\n<\/style>","protected":false},"excerpt":{"rendered":"<p>Shipping &amp; Delivery Delivery Policy This policy outlines our delivery methods, timeframes, and charges for orders placed on our website. Deliveries Europe-wide typically take 2\u20133 days. We aim for timely&#8230;<\/p>","protected":false},"author":1,"featured_media":0,"parent":0,"menu_order":0,"comment_status":"closed","ping_status":"closed","template":"elementor_header_footer","meta":{"footnotes":""},"class_list":["post-366","page","type-page","status-publish"],"jetpack_sharing_enabled":true,"_links":{"self":[{"href":"https:\/\/nadplusencasa.com\/de\/wp-json\/wp\/v2\/pages\/366","targetHints":{"allow":["GET"]}}],"collection":[{"href":"https:\/\/nadplusencasa.com\/de\/wp-json\/wp\/v2\/pages"}],"about":[{"href":"https:\/\/nadplusencasa.com\/de\/wp-json\/wp\/v2\/types\/page"}],"author":[{"embeddable":true,"href":"https:\/\/nadplusencasa.com\/de\/wp-json\/wp\/v2\/users\/1"}],"replies":[{"embeddable":true,"href":"https:\/\/nadplusencasa.com\/de\/wp-json\/wp\/v2\/comments?post=366"}],"version-history":[{"count":0,"href":"https:\/\/nadplusencasa.com\/de\/wp-json\/wp\/v2\/pages\/366\/revisions"}],"wp:attachment":[{"href":"https:\/\/nadplusencasa.com\/de\/wp-json\/wp\/v2\/media?parent=366"}],"curies":[{"name":"wp","href":"https:\/\/api.w.org\/{rel}","templated":true}]}}