{"id":18,"date":"2023-11-28T16:05:47","date_gmt":"2023-11-28T16:05:47","guid":{"rendered":"https:\/\/nadplusencasa.yousuccesskenya.com\/?page_id=18"},"modified":"2025-04-16T23:35:10","modified_gmt":"2025-04-16T21:35:10","slug":"about-us","status":"publish","type":"page","link":"https:\/\/nadplusencasa.com\/de\/about-us\/","title":{"rendered":"\u00dcber Uns"},"content":{"rendered":"<div data-elementor-type=\"wp-page\" data-elementor-id=\"18\" class=\"elementor elementor-18\" data-elementor-post-type=\"page\">\n\t\t\t\t<div class=\"elementor-element elementor-element-1ed7d963 e-con-full e-flex e-con e-parent\" data-id=\"1ed7d963\" data-element_type=\"container\" data-settings=\"{&quot;background_background&quot;:&quot;classic&quot;,&quot;ekit_has_onepagescroll_dot&quot;:&quot;yes&quot;}\">\n\t\t<div class=\"elementor-element elementor-element-6c324b05 e-con-full e-flex e-con e-child\" data-id=\"6c324b05\" data-element_type=\"container\" data-settings=\"{&quot;ekit_has_onepagescroll_dot&quot;:&quot;yes&quot;}\">\n\t\t\t\t<div class=\"elementor-element elementor-element-2495da7c elementor-widget elementor-widget-heading\" data-id=\"2495da7c\" data-element_type=\"widget\" data-settings=\"{&quot;ekit_we_effect_on&quot;:&quot;none&quot;}\" data-widget_type=\"heading.default\">\n\t\t\t\t<div class=\"elementor-widget-container\">\n\t\t\t\t\t<h1 class=\"elementor-heading-title elementor-size-default\">\u00dcber Nad Plus En Casa<\/h1>\t\t\t\t<\/div>\n\t\t\t\t<\/div>\n\t\t\t\t<div class=\"elementor-element elementor-element-42a941df elementor-widget elementor-widget-text-editor\" data-id=\"42a941df\" data-element_type=\"widget\" data-settings=\"{&quot;ekit_we_effect_on&quot;:&quot;none&quot;}\" data-widget_type=\"text-editor.default\">\n\t\t\t\t<div class=\"elementor-widget-container\">\n\t\t\t\t\t\t\t\t\t<p>Tauchen Sie ein in die Welt des bahnbrechenden Wohlbefindens bei Nad Plus En Casa, wo Wissenschaft auf Leidenschaft trifft, um die<\/p><p>We\u2019re not just a company; we\u2019re pioneers dedicated to reshaping the landscape of health.<\/p><p>Rooted in cutting-edge medical research, we tirelessly explore innovative solutions to elevate your health journey. Our mission is to go beyond conventional boundaries, architecting a healthier future one breakthrough at a time. With a deep understanding of the human body\u2019s complexities, we redefine well-being through transformative approaches.<\/p><p>At Nad Plus En Casa, we\u2019re your partners in the pursuit of vitality, uncovering the keys to longevity, resilience, and a vibrant life. It\u2019s not about adding years; it\u2019s about maximising every moment\u2019s quality. Join us as we pioneer a path towards enhanced health span and boundless potential.Nad Plus En Casa is where the promise of a healthier tomorrow begins today.<\/p>\t\t\t\t\t\t\t\t<\/div>\n\t\t\t\t<\/div>\n\t\t\t\t<\/div>\n\t\t\t\t<div class=\"elementor-element elementor-element-65f71b2f elementor-widget__width-initial elementor-widget-tablet__width-inherit elementor-widget elementor-widget-image\" data-id=\"65f71b2f\" data-element_type=\"widget\" data-settings=\"{&quot;motion_fx_motion_fx_scrolling&quot;:&quot;yes&quot;,&quot;motion_fx_translateY_effect&quot;:&quot;yes&quot;,&quot;motion_fx_translateY_speed&quot;:{&quot;unit&quot;:&quot;px&quot;,&quot;size&quot;:3,&quot;sizes&quot;:[]},&quot;motion_fx_range&quot;:&quot;viewport&quot;,&quot;ekit_we_effect_on&quot;:&quot;none&quot;,&quot;motion_fx_translateY_affectedRange&quot;:{&quot;unit&quot;:&quot;%&quot;,&quot;size&quot;:&quot;&quot;,&quot;sizes&quot;:{&quot;start&quot;:0,&quot;end&quot;:100}},&quot;motion_fx_devices&quot;:[&quot;desktop&quot;,&quot;laptop&quot;,&quot;tablet_extra&quot;,&quot;tablet&quot;,&quot;mobile_extra&quot;,&quot;mobile&quot;]}\" data-widget_type=\"image.default\">\n\t\t\t\t<div class=\"elementor-widget-container\">\n\t\t\t\t\t\t\t\t\t\t\t\t\t\t\t<img fetchpriority=\"high\" decoding=\"async\" width=\"1368\" height=\"1361\" src=\"https:\/\/nadplusencasa.com\/wp-content\/uploads\/2025\/04\/nad17.jpeg\" class=\"attachment-full size-full wp-image-2080\" alt=\"\" srcset=\"https:\/\/nadplusencasa.com\/wp-content\/uploads\/2025\/04\/nad17.jpeg 1368w, https:\/\/nadplusencasa.com\/wp-content\/uploads\/2025\/04\/nad17-300x298.jpeg 300w, https:\/\/nadplusencasa.com\/wp-content\/uploads\/2025\/04\/nad17-1024x1019.jpeg 1024w, https:\/\/nadplusencasa.com\/wp-content\/uploads\/2025\/04\/nad17-150x150.jpeg 150w, https:\/\/nadplusencasa.com\/wp-content\/uploads\/2025\/04\/nad17-768x764.jpeg 768w, https:\/\/nadplusencasa.com\/wp-content\/uploads\/2025\/04\/nad17-140x140.jpeg 140w, https:\/\/nadplusencasa.com\/wp-content\/uploads\/2025\/04\/nad17-100x100.jpeg 100w, https:\/\/nadplusencasa.com\/wp-content\/uploads\/2025\/04\/nad17-600x597.jpeg 600w\" sizes=\"(max-width: 1368px) 100vw, 1368px\" \/>\t\t\t\t\t\t\t\t\t\t\t\t\t\t\t<\/div>\n\t\t\t\t<\/div>\n\t\t\t\t<\/div>\n\t\t<div class=\"elementor-element elementor-element-720c4b8b e-con-full e-flex e-con e-parent\" data-id=\"720c4b8b\" data-element_type=\"container\" data-settings=\"{&quot;background_background&quot;:&quot;classic&quot;,&quot;ekit_has_onepagescroll_dot&quot;:&quot;yes&quot;}\">\n\t\t<div class=\"elementor-element elementor-element-1c025904 e-con-full e-flex e-con e-child\" data-id=\"1c025904\" data-element_type=\"container\" data-settings=\"{&quot;ekit_has_onepagescroll_dot&quot;:&quot;yes&quot;}\">\n\t\t<div class=\"elementor-element elementor-element-7a47800f e-flex e-con-boxed e-con e-child\" data-id=\"7a47800f\" data-element_type=\"container\" data-settings=\"{&quot;ekit_has_onepagescroll_dot&quot;:&quot;yes&quot;}\">\n\t\t\t\t\t<div class=\"e-con-inner\">\n\t\t\t\t<div class=\"elementor-element elementor-element-5f08472d elementor-widget elementor-widget-heading\" data-id=\"5f08472d\" data-element_type=\"widget\" data-settings=\"{&quot;ekit_we_effect_on&quot;:&quot;none&quot;}\" data-widget_type=\"heading.default\">\n\t\t\t\t<div class=\"elementor-widget-container\">\n\t\t\t\t\t<h2 class=\"elementor-heading-title elementor-size-default\">Unsere Geschichte<\/h2>\t\t\t\t<\/div>\n\t\t\t\t<\/div>\n\t\t\t\t<div class=\"elementor-element elementor-element-69731c6 elementor-widget elementor-widget-text-editor\" data-id=\"69731c6\" data-element_type=\"widget\" data-settings=\"{&quot;ekit_we_effect_on&quot;:&quot;none&quot;}\" data-widget_type=\"text-editor.default\">\n\t\t\t\t<div class=\"elementor-widget-container\">\n\t\t\t\t\t\t\t\t\t<p>Innovation und Kundenzentrierung treiben unsere Reise bei Nad Plus En Casa voran. Im Jahr 2023 begannen wir mit der Vision, den Zugang zur NAD+-Therapie zu revolutionieren. Wir erkannten die Nachfrage nach Nahrungserg\u00e4nzungsmitteln und die Einschr\u00e4nkungen traditioneller Methoden und machten uns daran, eine L\u00f6sung zu schaffen, die die Therapie f\u00fcr jedermann zug\u00e4nglicher und bequemer macht. Nach umfassender Forschung f\u00fchrten wir unsere bahnbrechenden NAD+-Injektionspen-Kits f\u00fcr zu Hause ein. Unser Injektionspensystem vereinfacht den Verabreichungsprozess und macht die Therapie benutzerfreundlich und schmerzfrei.<\/p><p>Unser Engagement f\u00fcr die Bed\u00fcrfnisse der Kunden f\u00fchrte uns dazu, diese innovative Alternative zu entwickeln, wobei wir Komfort und Zug\u00e4nglichkeit priorisierten. Durch das Angebot einer tragbaren, problemlosen L\u00f6sung m\u00f6chten wir die Therapie demokratisieren.<a href=\"https:\/\/nadplusencasa.com\/de\/\" target=\"_blank\" rel=\"noopener\">\u00a0<span style=\"color: #003300;\">NAD+-therapie<\/span><\/a><span style=\"color: #003300;\">\u00a0<\/span>und Barrieren f\u00fcr das Wohlbefinden abbauen.<\/p><p>Schlie\u00dfen Sie sich uns an, w\u00e4hrend wir unsere Werte von Integrit\u00e4t, Qualit\u00e4t und Kundenzufriedenheit hochhalten und die Zukunft des Wohlbefindens eine Injektion nach der anderen umgestalten.<\/p>\t\t\t\t\t\t\t\t<\/div>\n\t\t\t\t<\/div>\n\t\t\t\t\t<\/div>\n\t\t\t\t<\/div>\n\t\t\t\t<\/div>\n\t\t<div class=\"elementor-element elementor-element-1bda9a5e e-con-full e-flex e-con e-child\" data-id=\"1bda9a5e\" data-element_type=\"container\" data-settings=\"{&quot;background_background&quot;:&quot;classic&quot;,&quot;ekit_has_onepagescroll_dot&quot;:&quot;yes&quot;}\">\n\t\t\t\t<\/div>\n\t\t\t\t<\/div>\n\t\t<div class=\"elementor-element elementor-element-64d4c5a4 e-con-full e-flex e-con e-parent\" data-id=\"64d4c5a4\" data-element_type=\"container\" data-settings=\"{&quot;ekit_has_onepagescroll_dot&quot;:&quot;yes&quot;}\">\n\t\t<div class=\"elementor-element elementor-element-63a7d50d e-con-full e-flex e-con e-child\" data-id=\"63a7d50d\" data-element_type=\"container\" data-settings=\"{&quot;background_background&quot;:&quot;classic&quot;,&quot;ekit_has_onepagescroll_dot&quot;:&quot;yes&quot;}\">\n\t\t\t\t<\/div>\n\t\t<div class=\"elementor-element elementor-element-3d961ae3 e-con-full e-flex e-con e-child\" data-id=\"3d961ae3\" data-element_type=\"container\" data-settings=\"{&quot;background_background&quot;:&quot;classic&quot;,&quot;ekit_has_onepagescroll_dot&quot;:&quot;yes&quot;}\">\n\t\t\t\t<div class=\"elementor-element elementor-element-33f56c9e elementor-view-default elementor-position-block-start elementor-mobile-position-block-start elementor-widget elementor-widget-icon-box\" data-id=\"33f56c9e\" data-element_type=\"widget\" data-settings=\"{&quot;ekit_we_effect_on&quot;:&quot;none&quot;}\" data-widget_type=\"icon-box.default\">\n\t\t\t\t<div class=\"elementor-widget-container\">\n\t\t\t\t\t\t\t<div class=\"elementor-icon-box-wrapper\">\n\n\t\t\t\t\t\t<div class=\"elementor-icon-box-icon\">\n\t\t\t\t<span  class=\"elementor-icon\">\n\t\t\t\t<svg aria-hidden=\"true\" class=\"e-font-icon-svg e-fas-heartbeat\" viewbox=\"0 0 512 512\" xmlns=\"http:\/\/www.w3.org\/2000\/svg\"><path d=\"M320.2 243.8l-49.7 99.4c-6 12.1-23.4 11.7-28.9-.6l-56.9-126.3-30 71.7H60.6l182.5 186.5c7.1 7.3 18.6 7.3 25.7 0L451.4 288H342.3l-22.1-44.2zM473.7 73.9l-2.4-2.5c-51.5-52.6-135.8-52.6-187.4 0L256 100l-27.9-28.5c-51.5-52.7-135.9-52.7-187.4 0l-2.4 2.4C-10.4 123.7-12.5 203 31 256h102.4l35.9-86.2c5.4-12.9 23.6-13.2 29.4-.4l58.2 129.3 49-97.9c5.9-11.8 22.7-11.8 28.6 0l27.6 55.2H481c43.5-53 41.4-132.3-7.3-182.1z\"><\/path><\/svg>\t\t\t\t<\/span>\n\t\t\t<\/div>\n\t\t\t\n\t\t\t\t\t\t<div class=\"elementor-icon-box-content\">\n\n\t\t\t\t\t\t\t\t\t<h3 class=\"elementor-icon-box-title\">\n\t\t\t\t\t\t<span  >\n\t\t\t\t\t\t\tKontaktiere uns\t\t\t\t\t\t<\/span>\n\t\t\t\t\t<\/h3>\n\t\t\t\t\n\t\t\t\t\t\t\t\t\t<p class=\"elementor-icon-box-description\">\n\t\t\t\t\t\tBeleben Sie Ihre Wellness-Reise mit<br>\n\nNad Plus En Casa<br>\n\nErh\u00f6hen Sie Ihre Vitalit\u00e4t, entfesseln Sie Ihr Potenzial\t\t\t\t\t<\/p>\n\t\t\t\t\n\t\t\t<\/div>\n\t\t\t\n\t\t<\/div>\n\t\t\t\t\t\t<\/div>\n\t\t\t\t<\/div>\n\t\t\t\t<div class=\"elementor-element elementor-element-7c9fa4 elementor-align-center elementor-widget elementor-widget-button\" data-id=\"7c9fa4\" data-element_type=\"widget\" data-settings=\"{&quot;ekit_we_effect_on&quot;:&quot;none&quot;}\" data-widget_type=\"button.default\">\n\t\t\t\t<div class=\"elementor-widget-container\">\n\t\t\t\t\t\t\t\t\t<div class=\"elementor-button-wrapper\">\n\t\t\t\t\t<a class=\"elementor-button elementor-button-link elementor-size-sm\" href=\"https:\/\/nadplusencasa.com\/de\/contact-us\/\">\n\t\t\t\t\t\t<span class=\"elementor-button-content-wrapper\">\n\t\t\t\t\t\t\t\t\t<span class=\"elementor-button-text\">KONTAKTIEREN SIE UNS<\/span>\n\t\t\t\t\t<\/span>\n\t\t\t\t\t<\/a>\n\t\t\t\t<\/div>\n\t\t\t\t\t\t\t\t<\/div>\n\t\t\t\t<\/div>\n\t\t\t\t<\/div>\n\t\t<div class=\"elementor-element elementor-element-1e2127a4 e-con-full e-flex e-con e-child\" data-id=\"1e2127a4\" data-element_type=\"container\" data-settings=\"{&quot;background_background&quot;:&quot;classic&quot;,&quot;ekit_has_onepagescroll_dot&quot;:&quot;yes&quot;}\">\n\t\t\t\t<\/div>\n\t\t\t\t<\/div>\n\t\t\t\t<\/div>","protected":false},"excerpt":{"rendered":"<p>About Nad Plus En Casa Step into the realm of groundbreaking wellness at Nad Plus En Casa, where science meets passion to unlock the secrets of optimal well-being. We\u2019re not&#8230;<\/p>","protected":false},"author":1,"featured_media":0,"parent":0,"menu_order":0,"comment_status":"closed","ping_status":"closed","template":"","meta":{"footnotes":""},"class_list":["post-18","page","type-page","status-publish"],"jetpack_sharing_enabled":true,"_links":{"self":[{"href":"https:\/\/nadplusencasa.com\/de\/wp-json\/wp\/v2\/pages\/18","targetHints":{"allow":["GET"]}}],"collection":[{"href":"https:\/\/nadplusencasa.com\/de\/wp-json\/wp\/v2\/pages"}],"about":[{"href":"https:\/\/nadplusencasa.com\/de\/wp-json\/wp\/v2\/types\/page"}],"author":[{"embeddable":true,"href":"https:\/\/nadplusencasa.com\/de\/wp-json\/wp\/v2\/users\/1"}],"replies":[{"embeddable":true,"href":"https:\/\/nadplusencasa.com\/de\/wp-json\/wp\/v2\/comments?post=18"}],"version-history":[{"count":0,"href":"https:\/\/nadplusencasa.com\/de\/wp-json\/wp\/v2\/pages\/18\/revisions"}],"wp:attachment":[{"href":"https:\/\/nadplusencasa.com\/de\/wp-json\/wp\/v2\/media?parent=18"}],"curies":[{"name":"wp","href":"https:\/\/api.w.org\/{rel}","templated":true}]}}